{"id":97,"date":"2015-08-25T00:22:47","date_gmt":"2015-08-25T00:22:47","guid":{"rendered":"http:\/\/getpremier.net\/?page_id=97"},"modified":"2015-09-01T14:42:22","modified_gmt":"2015-09-01T14:42:22","slug":"oil-gas","status":"publish","type":"page","link":"https:\/\/getpremier.net\/fr\/oil-gas\/","title":{"rendered":"P\u00e9trole et gaz"},"content":{"rendered":"<div id=\"pl-97\"  class=\"panel-layout\" ><div id=\"pg-97-0\"  class=\"panel-grid panel-no-style\" ><div id=\"pgc-97-0-0\"  class=\"panel-grid-cell\" ><div id=\"panel-97-0-0-0\" class=\"so-panel widget widget_sow-image panel-first-child panel-last-child\" data-index=\"0\" ><div\n\t\t\t\n\t\t\tclass=\"so-widget-sow-image so-widget-sow-image-default-dbf295114b96-97\"\n\t\t\t\n\t\t>\n<div class=\"sow-image-container\">\n\t\t<img \n\tsrc=\"https:\/\/getpremier.net\/wp-content\/uploads\/2015\/08\/oilandgas.jpg\" width=\"640\" height=\"250\" srcset=\"https:\/\/getpremier.net\/wp-content\/uploads\/2015\/08\/oilandgas.jpg 640w, https:\/\/getpremier.net\/wp-content\/uploads\/2015\/08\/oilandgas-300x117.jpg 300w\" sizes=\"(max-width: 640px) 100vw, 640px\" alt=\"\" \t\tclass=\"so-widget-image\"\/>\n\t<\/div>\n\n<\/div><\/div><\/div><\/div><div id=\"pg-97-1\"  class=\"panel-grid panel-no-style\" ><div id=\"pgc-97-1-0\"  class=\"panel-grid-cell\" ><div id=\"panel-97-1-0-0\" class=\"so-panel widget widget_text panel-first-child panel-last-child\" data-index=\"1\" >\t\t\t<div class=\"textwidget\">Les sites de puits, les stations de pompage et les raffineries ont besoin de r\u00e9seaux fiables et d'une automatisation industrielle pour maintenir leur efficacit\u00e9 op\u00e9rationnelle. Premier peut cr\u00e9er, d\u00e9ployer et g\u00e9rer des r\u00e9seaux de donn\u00e9es et des syst\u00e8mes de surveillance pour garantir un temps de service maximal.<\/div>\n\t\t<\/div><\/div><\/div><div id=\"pg-97-2\"  class=\"panel-grid panel-no-style\" ><div id=\"pgc-97-2-0\"  class=\"panel-grid-cell\" ><div id=\"panel-97-2-0-0\" class=\"so-panel widget widget_text panel-first-child panel-last-child\" data-index=\"2\" ><h3 class=\"widget-title\">Ajout d'une connectivit\u00e9 de donn\u00e9es sans fil dans les bureaux locaux   <\/h3>\t\t\t<div class=\"textwidget\">Qu'il s'agisse d'une nouvelle construction ou d'un champ p\u00e9trolier, les bureaux sur site ne peuvent pas fonctionner sans connectivit\u00e9 aux services en nuage ou aux centres de donn\u00e9es de l'entreprise. Premier a une vaste exp\u00e9rience dans le d\u00e9ploiement sans fil pour connecter les bureaux de terrain \u00e0 l'Internet. Permettez-nous de concevoir, d\u00e9ployer et g\u00e9rer votre r\u00e9seau de donn\u00e9es des postes sur le terrain. <\/div>\n\t\t<\/div><\/div><div id=\"pgc-97-2-1\"  class=\"panel-grid-cell\" ><div id=\"panel-97-2-1-0\" class=\"so-panel widget widget_circleicon-widget panel-first-child panel-last-child\" data-index=\"3\" >\t\t<div class=\"circle-icon-box circle-icon-position-top circle-icon-hide-box circle-icon-size-small\">\n\t\t\t<div class=\"circle-icon-wrapper\">\n\t\t\t\t\t\t\t\t<div class=\"circle-icon\" >\n\t\t\t\t\t<div class=\"fa fa-database\" ><\/div>\t\t\t\t<\/div>\n\t\t\t\t\t\t\t<\/div>\n\n\t\t\t\t\t\t\t\t\t\n\t\t\t\t\t\t\t\t<\/div>\n\t\t<\/div><\/div><\/div><div id=\"pg-97-3\"  class=\"panel-grid panel-no-style\" ><div id=\"pgc-97-3-0\"  class=\"panel-grid-cell\" ><div id=\"panel-97-3-0-0\" class=\"so-panel widget widget_text panel-first-child panel-last-child\" data-index=\"4\" ><h3 class=\"widget-title\">Syst\u00e8mes de r\u00e9seau de classe 1 DIV 2 pour les environnements extr\u00eames <\/h3>\t\t\t<div class=\"textwidget\">Premier peut d\u00e9ployer des syst\u00e8mes de r\u00e9seau de classe 1 DIV 2 pour vos salles de contr\u00f4le de commandement et vos environnements essentiels \u00e0 la mission. Nous pouvons concevoir la redondance de vos r\u00e9seaux afin d'am\u00e9liorer la fiabilit\u00e9 des syst\u00e8mes de surveillance ininterrompue 24\/7.<\/div>\n\t\t<\/div><\/div><div id=\"pgc-97-3-1\"  class=\"panel-grid-cell\" ><div id=\"panel-97-3-1-0\" class=\"so-panel widget widget_circleicon-widget panel-first-child panel-last-child\" data-index=\"5\" >\t\t<div class=\"circle-icon-box circle-icon-position-top circle-icon-hide-box circle-icon-size-small\">\n\t\t\t<div class=\"circle-icon-wrapper\">\n\t\t\t\t\t\t\t\t<div class=\"circle-icon\" >\n\t\t\t\t\t<div class=\"fa fa-desktop\" ><\/div>\t\t\t\t<\/div>\n\t\t\t\t\t\t\t<\/div>\n\n\t\t\t\t\t\t\t\t\t\n\t\t\t\t\t\t\t\t<\/div>\n\t\t<\/div><\/div><\/div><\/div>","protected":false},"excerpt":{"rendered":"<p>Les sites de puits, les stations de pompage et les raffineries ont besoin de r\u00e9seaux fiables et d'une automatisation industrielle pour maintenir leur efficacit\u00e9 op\u00e9rationnelle. Premier peut cr\u00e9er, d\u00e9ployer et g\u00e9rer des r\u00e9seaux de donn\u00e9es et des syst\u00e8mes de surveillance pour garantir un temps de service maximal.<\/p>","protected":false},"author":1,"featured_media":0,"parent":0,"menu_order":0,"comment_status":"closed","ping_status":"closed","template":"","meta":{"footnotes":""},"class_list":["post-97","page","type-page","status-publish","hentry","post"],"_links":{"self":[{"href":"https:\/\/getpremier.net\/fr\/wp-json\/wp\/v2\/pages\/97","targetHints":{"allow":["GET"]}}],"collection":[{"href":"https:\/\/getpremier.net\/fr\/wp-json\/wp\/v2\/pages"}],"about":[{"href":"https:\/\/getpremier.net\/fr\/wp-json\/wp\/v2\/types\/page"}],"author":[{"embeddable":true,"href":"https:\/\/getpremier.net\/fr\/wp-json\/wp\/v2\/users\/1"}],"replies":[{"embeddable":true,"href":"https:\/\/getpremier.net\/fr\/wp-json\/wp\/v2\/comments?post=97"}],"version-history":[{"count":2,"href":"https:\/\/getpremier.net\/fr\/wp-json\/wp\/v2\/pages\/97\/revisions"}],"predecessor-version":[{"id":183,"href":"https:\/\/getpremier.net\/fr\/wp-json\/wp\/v2\/pages\/97\/revisions\/183"}],"wp:attachment":[{"href":"https:\/\/getpremier.net\/fr\/wp-json\/wp\/v2\/media?parent=97"}],"curies":[{"name":"wp","href":"https:\/\/api.w.org\/{rel}","templated":true}]}}