{"id":95,"date":"2015-08-25T00:19:25","date_gmt":"2015-08-25T00:19:25","guid":{"rendered":"http:\/\/getpremier.net\/?page_id=95"},"modified":"2015-09-01T12:41:48","modified_gmt":"2015-09-01T12:41:48","slug":"transportation","status":"publish","type":"page","link":"https:\/\/getpremier.net\/fr\/transportation\/","title":{"rendered":"Solutions de transport int\u00e9gr\u00e9es dans les v\u00e9hicules"},"content":{"rendered":"<div id=\"pl-95\"  class=\"panel-layout\" ><div id=\"pg-95-0\"  class=\"panel-grid panel-no-style\" ><div id=\"pgc-95-0-0\"  class=\"panel-grid-cell\" ><div id=\"panel-95-0-0-0\" class=\"so-panel widget widget_sow-image panel-first-child panel-last-child\" data-index=\"0\" ><div\n\t\t\t\n\t\t\tclass=\"so-widget-sow-image so-widget-sow-image-default-dbf295114b96-95\"\n\t\t\t\n\t\t>\n<div class=\"sow-image-container\">\n\t\t<img \n\tsrc=\"https:\/\/getpremier.net\/wp-content\/uploads\/2015\/08\/transport_solutions1.jpg\" width=\"640\" height=\"250\" srcset=\"https:\/\/getpremier.net\/wp-content\/uploads\/2015\/08\/transport_solutions1.jpg 640w, https:\/\/getpremier.net\/wp-content\/uploads\/2015\/08\/transport_solutions1-300x117.jpg 300w\" sizes=\"(max-width: 640px) 100vw, 640px\" title=\"transport_solutions\" alt=\"\" \t\tclass=\"so-widget-image\"\/>\n\t<\/div>\n\n<\/div><\/div><\/div><\/div><div id=\"pg-95-1\"  class=\"panel-grid panel-no-style\" ><div id=\"pgc-95-1-0\"  class=\"panel-grid-cell\" ><div id=\"panel-95-1-0-0\" class=\"so-panel widget widget_text panel-first-child panel-last-child\" data-index=\"1\" >\t\t\t<div class=\"textwidget\">Premier a une profonde exp\u00e9rience des solutions de connectivit\u00e9 en cabine. Que vous ayez \u00e0 fournir du WiFi \u00e0 bord des autocars ou \u00e0 connecter des syst\u00e8mes de billetterie pour les transports publics, nous pouvons vous aider \u00e0 les d\u00e9ployer et \u00e0 les livrer.  <\/div>\n\t\t<\/div><\/div><\/div><div id=\"pg-95-2\"  class=\"panel-grid panel-no-style\" ><div id=\"pgc-95-2-0\"  class=\"panel-grid-cell\" ><div id=\"panel-95-2-0-0\" class=\"so-panel widget widget_text panel-first-child panel-last-child\" data-index=\"2\" ><h3 class=\"widget-title\">La connectivit\u00e9 sans fil am\u00e9liore l'exp\u00e9rience des passagers avec le Wi-Fi<\/h3>\t\t\t<div class=\"textwidget\">Les entreprises de transport par autocar peuvent d\u00e9sormais fournir des services WiFi s\u00e9curis\u00e9s \u00e0 leurs passagers. Gr\u00e2ce \u00e0 sa connaissance approfondie des r\u00e9seaux WAN sans fil, laissez Premier livrer, d\u00e9ployer et g\u00e9rer votre prochain r\u00e9seau de passagers. <\/div>\n\t\t<\/div><\/div><div id=\"pgc-95-2-1\"  class=\"panel-grid-cell\" ><div id=\"panel-95-2-1-0\" class=\"so-panel widget widget_circleicon-widget panel-first-child panel-last-child\" data-index=\"3\" >\t\t<div class=\"circle-icon-box circle-icon-position-top circle-icon-hide-box circle-icon-size-small\">\n\t\t\t<div class=\"circle-icon-wrapper\">\n\t\t\t\t\t\t\t\t<div class=\"circle-icon\" >\n\t\t\t\t\t<div class=\"fa fa-wifi\" ><\/div>\t\t\t\t<\/div>\n\t\t\t\t\t\t\t<\/div>\n\n\t\t\t\t\t\t\t\t\t\n\t\t\t\t\t\t\t\t<\/div>\n\t\t<\/div><\/div><\/div><div id=\"pg-95-3\"  class=\"panel-grid panel-no-style\" ><div id=\"pgc-95-3-0\"  class=\"panel-grid-cell\" ><div id=\"panel-95-3-0-0\" class=\"so-panel widget widget_text panel-first-child panel-last-child\" data-index=\"4\" ><h3 class=\"widget-title\">Les \u00e9quipements embarqu\u00e9s dans les v\u00e9hicules se connectent aux services en nuage et aux centres de donn\u00e9es gr\u00e2ce aux r\u00e9seaux mobiles<\/h3>\t\t\t<div class=\"textwidget\">Que ce soit pour la livraison de produits alimentaires ou la gestion sur le terrain, la connectivit\u00e9 des v\u00e9hicules permet aux \u00e9quipements et aux ordinateurs embarqu\u00e9s de se connecter aux centres de donn\u00e9es de l'entreprise ou aux services en nuage. Laissez Premier concevoir une solution de connectivit\u00e9 mobile pour votre organisation. <\/div>\n\t\t<\/div><\/div><div id=\"pgc-95-3-1\"  class=\"panel-grid-cell\" ><div id=\"panel-95-3-1-0\" class=\"so-panel widget widget_circleicon-widget panel-first-child panel-last-child\" data-index=\"5\" >\t\t<div class=\"circle-icon-box circle-icon-position-top circle-icon-hide-box circle-icon-size-small\">\n\t\t\t<div class=\"circle-icon-wrapper\">\n\t\t\t\t\t\t\t\t<div class=\"circle-icon\" >\n\t\t\t\t\t<div class=\"fa fa-truck\" ><\/div>\t\t\t\t<\/div>\n\t\t\t\t\t\t\t<\/div>\n\n\t\t\t\t\t\t\t\t\t\n\t\t\t\t\t\t\t\t<\/div>\n\t\t<\/div><\/div><\/div><\/div>","protected":false},"excerpt":{"rendered":"<p>Premier has extended experience with in-cab connectivity solutions, whether it&#8217;s providing on-board WiFi for motor coaches or connecting ticketing systems for public transportation we can help with deployment and delivery.<\/p>","protected":false},"author":1,"featured_media":0,"parent":0,"menu_order":0,"comment_status":"closed","ping_status":"closed","template":"","meta":{"footnotes":""},"class_list":["post-95","page","type-page","status-publish","hentry","post"],"_links":{"self":[{"href":"https:\/\/getpremier.net\/fr\/wp-json\/wp\/v2\/pages\/95","targetHints":{"allow":["GET"]}}],"collection":[{"href":"https:\/\/getpremier.net\/fr\/wp-json\/wp\/v2\/pages"}],"about":[{"href":"https:\/\/getpremier.net\/fr\/wp-json\/wp\/v2\/types\/page"}],"author":[{"embeddable":true,"href":"https:\/\/getpremier.net\/fr\/wp-json\/wp\/v2\/users\/1"}],"replies":[{"embeddable":true,"href":"https:\/\/getpremier.net\/fr\/wp-json\/wp\/v2\/comments?post=95"}],"version-history":[{"count":2,"href":"https:\/\/getpremier.net\/fr\/wp-json\/wp\/v2\/pages\/95\/revisions"}],"predecessor-version":[{"id":182,"href":"https:\/\/getpremier.net\/fr\/wp-json\/wp\/v2\/pages\/95\/revisions\/182"}],"wp:attachment":[{"href":"https:\/\/getpremier.net\/fr\/wp-json\/wp\/v2\/media?parent=95"}],"curies":[{"name":"wp","href":"https:\/\/api.w.org\/{rel}","templated":true}]}}