{"id":93,"date":"2015-08-25T00:18:40","date_gmt":"2015-08-25T00:18:40","guid":{"rendered":"http:\/\/getpremier.net\/?page_id=93"},"modified":"2015-08-27T18:38:15","modified_gmt":"2015-08-27T18:38:15","slug":"hospitality","status":"publish","type":"page","link":"https:\/\/getpremier.net\/fr\/hospitality\/","title":{"rendered":"Les solutions et les services pour le secteur de l'hospitalit\u00e9"},"content":{"rendered":"<div id=\"pl-93\"  class=\"panel-layout\" ><div id=\"pg-93-0\"  class=\"panel-grid panel-no-style\" ><div id=\"pgc-93-0-0\"  class=\"panel-grid-cell\" ><div id=\"panel-93-0-0-0\" class=\"so-panel widget widget_sow-image panel-first-child panel-last-child\" data-index=\"0\" ><div\n\t\t\t\n\t\t\tclass=\"so-widget-sow-image so-widget-sow-image-default-dbf295114b96-93\"\n\t\t\t\n\t\t>\n<div class=\"sow-image-container\">\n\t\t<img \n\tsrc=\"https:\/\/getpremier.net\/wp-content\/uploads\/2015\/08\/hospitality_technology.jpg\" width=\"640\" height=\"250\" srcset=\"https:\/\/getpremier.net\/wp-content\/uploads\/2015\/08\/hospitality_technology.jpg 640w, https:\/\/getpremier.net\/wp-content\/uploads\/2015\/08\/hospitality_technology-300x117.jpg 300w\" sizes=\"(max-width: 640px) 100vw, 640px\" alt=\"\" \t\tclass=\"so-widget-image\"\/>\n\t<\/div>\n\n<\/div><\/div><\/div><\/div><div id=\"pg-93-1\"  class=\"panel-grid panel-no-style\" ><div id=\"pgc-93-1-0\"  class=\"panel-grid-cell\" ><div id=\"panel-93-1-0-0\" class=\"so-panel widget widget_text panel-first-child panel-last-child\" data-index=\"1\" >\t\t\t<div class=\"textwidget\">Les complexit\u00e9s technologiques pr\u00e9sentes dans les h\u00f4tels et les centres de vill\u00e9giature ne cessent d'augmenter. La signalisation num\u00e9rique, les r\u00e9seaux d'information, les t\u00e9l\u00e9communications, la vid\u00e9oconf\u00e9rence et les syst\u00e8mes de divertissement n\u00e9cessitent tous des solutions techniques, un d\u00e9ploiement, une livraison et des services g\u00e9r\u00e9s. Faites confiance \u00e0 Premier pour d\u00e9passer les attentes des clients et faciliter la navigation dans des infrastructures technologiques complexes. \n\n<\/div>\n\t\t<\/div><\/div><\/div><div id=\"pg-93-2\"  class=\"panel-grid panel-no-style\" ><div id=\"pgc-93-2-0\"  class=\"panel-grid-cell\" ><div id=\"panel-93-2-0-0\" class=\"so-panel widget widget_text panel-first-child panel-last-child\" data-index=\"2\" ><h3 class=\"widget-title\">Le d\u00e9ploiement de l'infrastructure sans fil permet aux clients de rester connect\u00e9s sur les sites de l'h\u00f4tel.<\/h3>\t\t\t<div class=\"textwidget\">Qu'il s'agisse du d\u00e9ploiement de n\u0153uds d'acc\u00e8s WiFi ou du c\u00e2blage interne des b\u00e2timents pour les antennes directionnelles, faites confiance \u00e0 Premier pour vous fournir des solutions int\u00e9gr\u00e9es r\u00e9pondant \u00e0 vos besoins sans fil.  <\/div>\n\t\t<\/div><\/div><div id=\"pgc-93-2-1\"  class=\"panel-grid-cell\" ><div id=\"panel-93-2-1-0\" class=\"so-panel widget widget_circleicon-widget panel-first-child panel-last-child\" data-index=\"3\" >\t\t<div class=\"circle-icon-box circle-icon-position-top circle-icon-hide-box circle-icon-size-small\">\n\t\t\t<div class=\"circle-icon-wrapper\">\n\t\t\t\t\t\t\t\t<div class=\"circle-icon\" >\n\t\t\t\t\t<div class=\"fa fa-wifi\" ><\/div>\t\t\t\t<\/div>\n\t\t\t\t\t\t\t<\/div>\n\n\t\t\t\t\t\t\t\t\t\n\t\t\t\t\t\t\t\t<\/div>\n\t\t<\/div><\/div><\/div><div id=\"pg-93-3\"  class=\"panel-grid panel-no-style\" ><div id=\"pgc-93-3-0\"  class=\"panel-grid-cell\" ><div id=\"panel-93-3-0-0\" class=\"so-panel widget widget_text panel-first-child panel-last-child\" data-index=\"4\" ><h3 class=\"widget-title\">Qu'il s'agisse du d\u00e9ploiement de n\u0153uds d'acc\u00e8s WiFi ou du c\u00e2blage interne des b\u00e2timents pour les antennes directionnelles, faites confiance \u00e0 Premier pour vous fournir des solutions int\u00e9gr\u00e9es r\u00e9pondant \u00e0 vos besoins sans fil.<\/h3>\t\t\t<div class=\"textwidget\">Am\u00e9liorez l'exp\u00e9rience des visiteurs gr\u00e2ce \u00e0 des kiosques d'information num\u00e9rique ou faites de la publicit\u00e9 pour les \u00e9v\u00e9nements et les informations locales avec la signalisation num\u00e9rique.  <\/div>\n\t\t<\/div><\/div><div id=\"pgc-93-3-1\"  class=\"panel-grid-cell\" ><div id=\"panel-93-3-1-0\" class=\"so-panel widget widget_circleicon-widget panel-first-child panel-last-child\" data-index=\"5\" >\t\t<div class=\"circle-icon-box circle-icon-position-top circle-icon-hide-box circle-icon-size-small\">\n\t\t\t<div class=\"circle-icon-wrapper\">\n\t\t\t\t\t\t\t\t<div class=\"circle-icon\" >\n\t\t\t\t\t<div class=\"fa fa-tablet\" ><\/div>\t\t\t\t<\/div>\n\t\t\t\t\t\t\t<\/div>\n\n\t\t\t\t\t\t\t\t\t\n\t\t\t\t\t\t\t\t<\/div>\n\t\t<\/div><\/div><\/div><div id=\"pg-93-4\"  class=\"panel-grid panel-no-style\" ><div id=\"pgc-93-4-0\"  class=\"panel-grid-cell\" ><div id=\"panel-93-4-0-0\" class=\"so-panel widget widget_text panel-first-child panel-last-child\" data-index=\"6\" ><h3 class=\"widget-title\">Am\u00e9liorez l'exp\u00e9rience dans les chambres gr\u00e2ce \u00e0 la technologie IP.<\/h3>\t\t\t<div class=\"textwidget\">Offrez \u00e0 vos h\u00f4tes l'exp\u00e9rience qu'ils attendent gr\u00e2ce \u00e0 la t\u00e9l\u00e9vision IP, aux t\u00e9l\u00e9phones IP, \u00e0 la messagerie, \u00e0 l'acc\u00e8s Internet, etc. Profitez de notre savoir-faire technologique pour mettre en \u0153uvre votre plan technologique.<\/div>\n\t\t<\/div><\/div><div id=\"pgc-93-4-1\"  class=\"panel-grid-cell\" ><div id=\"panel-93-4-1-0\" class=\"so-panel widget widget_circleicon-widget panel-first-child panel-last-child\" data-index=\"7\" >\t\t<div class=\"circle-icon-box circle-icon-position-top circle-icon-hide-box circle-icon-size-small\">\n\t\t\t<div class=\"circle-icon-wrapper\">\n\t\t\t\t\t\t\t\t<div class=\"circle-icon\" >\n\t\t\t\t\t<div class=\"fa fa-cloud\" ><\/div>\t\t\t\t<\/div>\n\t\t\t\t\t\t\t<\/div>\n\n\t\t\t\t\t\t\t\t\t\n\t\t\t\t\t\t\t\t<\/div>\n\t\t<\/div><\/div><\/div><div id=\"pg-93-5\"  class=\"panel-grid panel-no-style\" ><div id=\"pgc-93-5-0\"  class=\"panel-grid-cell\" ><div id=\"panel-93-5-0-0\" class=\"so-panel widget widget_text panel-first-child panel-last-child\" data-index=\"8\" ><h3 class=\"widget-title\">D\u00e9ployer des conf\u00e9rences audiovisuelles pour vos conf\u00e9rence d'affaires importantes<\/h3>\t\t\t<div class=\"textwidget\">Des conf\u00e9rences et des pr\u00e9sentations efficaces gr\u00e2ce aux derni\u00e8res technologies audiovisuelles et multim\u00e9dias. <\/div>\n\t\t<\/div><\/div><div id=\"pgc-93-5-1\"  class=\"panel-grid-cell\" ><div id=\"panel-93-5-1-0\" class=\"so-panel widget widget_circleicon-widget panel-first-child panel-last-child\" data-index=\"9\" >\t\t<div class=\"circle-icon-box circle-icon-position-top circle-icon-hide-box circle-icon-size-small\">\n\t\t\t<div class=\"circle-icon-wrapper\">\n\t\t\t\t\t\t\t\t<div class=\"circle-icon\" >\n\t\t\t\t\t<div class=\"fa fa-video-camera\" ><\/div>\t\t\t\t<\/div>\n\t\t\t\t\t\t\t<\/div>\n\n\t\t\t\t\t\t\t\t\t\n\t\t\t\t\t\t\t\t<\/div>\n\t\t<\/div><\/div><\/div><\/div>","protected":false},"excerpt":{"rendered":"<p>Les complexit\u00e9s technologiques pr\u00e9sentes dans les h\u00f4tels et les centres de vill\u00e9giature ne cessent d'augmenter. La signalisation num\u00e9rique, les r\u00e9seaux d'information, les t\u00e9l\u00e9communications, la vid\u00e9oconf\u00e9rence et les syst\u00e8mes de divertissement n\u00e9cessitent tous des solutions techniques, un d\u00e9ploiement, une livraison et des services g\u00e9r\u00e9s. Faites confiance \u00e0 Premier pour d\u00e9passer les attentes des clients et faciliter la navigation dans des infrastructures technologiques complexes.<\/p>","protected":false},"author":1,"featured_media":0,"parent":0,"menu_order":0,"comment_status":"closed","ping_status":"closed","template":"","meta":{"footnotes":""},"class_list":["post-93","page","type-page","status-publish","hentry","post"],"_links":{"self":[{"href":"https:\/\/getpremier.net\/fr\/wp-json\/wp\/v2\/pages\/93","targetHints":{"allow":["GET"]}}],"collection":[{"href":"https:\/\/getpremier.net\/fr\/wp-json\/wp\/v2\/pages"}],"about":[{"href":"https:\/\/getpremier.net\/fr\/wp-json\/wp\/v2\/types\/page"}],"author":[{"embeddable":true,"href":"https:\/\/getpremier.net\/fr\/wp-json\/wp\/v2\/users\/1"}],"replies":[{"embeddable":true,"href":"https:\/\/getpremier.net\/fr\/wp-json\/wp\/v2\/comments?post=93"}],"version-history":[{"count":2,"href":"https:\/\/getpremier.net\/fr\/wp-json\/wp\/v2\/pages\/93\/revisions"}],"predecessor-version":[{"id":146,"href":"https:\/\/getpremier.net\/fr\/wp-json\/wp\/v2\/pages\/93\/revisions\/146"}],"wp:attachment":[{"href":"https:\/\/getpremier.net\/fr\/wp-json\/wp\/v2\/media?parent=93"}],"curies":[{"name":"wp","href":"https:\/\/api.w.org\/{rel}","templated":true}]}}