{"id":91,"date":"2015-08-25T00:17:55","date_gmt":"2015-08-25T00:17:55","guid":{"rendered":"http:\/\/getpremier.net\/?page_id=91"},"modified":"2015-08-31T17:20:25","modified_gmt":"2015-08-31T17:20:25","slug":"retail","status":"publish","type":"page","link":"https:\/\/getpremier.net\/fr\/retail\/","title":{"rendered":"Les solutions et les services du commerce en d\u00e9tail"},"content":{"rendered":"<div id=\"pl-91\"  class=\"panel-layout\" ><div id=\"pg-91-0\"  class=\"panel-grid panel-no-style\" ><div id=\"pgc-91-0-0\"  class=\"panel-grid-cell\" ><div id=\"panel-91-0-0-0\" class=\"so-panel widget widget_sow-image panel-first-child panel-last-child\" data-index=\"0\" ><div\n\t\t\t\n\t\t\tclass=\"so-widget-sow-image so-widget-sow-image-default-dbf295114b96-91\"\n\t\t\t\n\t\t>\n<div class=\"sow-image-container\">\n\t\t<img \n\tsrc=\"https:\/\/getpremier.net\/wp-content\/uploads\/2015\/08\/retail_technology1.jpg\" width=\"640\" height=\"250\" srcset=\"https:\/\/getpremier.net\/wp-content\/uploads\/2015\/08\/retail_technology1.jpg 640w, https:\/\/getpremier.net\/wp-content\/uploads\/2015\/08\/retail_technology1-300x117.jpg 300w\" sizes=\"(max-width: 640px) 100vw, 640px\" title=\"retail_technology\" alt=\"\" \t\tclass=\"so-widget-image\"\/>\n\t<\/div>\n\n<\/div><\/div><\/div><\/div><div id=\"pg-91-1\"  class=\"panel-grid panel-no-style\" ><div id=\"pgc-91-1-0\"  class=\"panel-grid-cell\" ><div id=\"panel-91-1-0-0\" class=\"so-panel widget widget_text panel-first-child panel-last-child\" data-index=\"1\" >\t\t\t<div class=\"textwidget\">Dans un secteur o\u00f9 votre adversaire est \u00e0 quelques m\u00e8tres ou \u00e0 quelques clics de vous, le march\u00e9 du commerce de d\u00e9tail est aujourd'hui plus comp\u00e9titif qu'il ne l'a jamais \u00e9t\u00e9 dans l'histoire. \u00catre capable de s'adapter rapidement aux besoins en constante \u00e9volution de votre client\u00e8le cible, cr\u00e9er une exp\u00e9rience client unique et g\u00e9rer les d\u00e9penses op\u00e9rationnelles ne sont que quelques-uns des d\u00e9fis qui peuvent \u00eatre relev\u00e9s gr\u00e2ce \u00e0 l'efficacit\u00e9 de la technologie. Comptez sur l'expertise de Premier pour le d\u00e9ploiement et la livraison au niveau national et les services g\u00e9r\u00e9s pour am\u00e9liorer l'exp\u00e9rience client et r\u00e9duire les frais op\u00e9rationnels.<\/div>\n\t\t<\/div><\/div><\/div><div id=\"pg-91-2\"  class=\"panel-grid panel-no-style\" ><div id=\"pgc-91-2-0\"  class=\"panel-grid-cell\" ><div id=\"panel-91-2-0-0\" class=\"so-panel widget widget_text panel-first-child panel-last-child\" data-index=\"2\" ><h3 class=\"widget-title\">Les r\u00e9seaux technologiques distribu\u00e9s de vente au d\u00e9tail n\u00e9cessitent des d\u00e9ploiements nationaux <\/h3>\t\t\t<div class=\"textwidget\">Vous pouvez vous fier \u00e0 Premier pour g\u00e9rer les d\u00e9ploiements nationaux de la technologie des magasins. La communication entre les magasins est essentielle pour se connecter aux centres de donn\u00e9es et aux marchands de paiement. Lorsque ces r\u00e9seaux technologiques n\u00e9cessitent des am\u00e9liorations, Premier est l\u00e0 avec un d\u00e9ploiement national, g\u00e9r\u00e9 de mani\u00e8re centralis\u00e9e.<\/div>\n\t\t<\/div><\/div><div id=\"pgc-91-2-1\"  class=\"panel-grid-cell\" ><div id=\"panel-91-2-1-0\" class=\"so-panel widget widget_circleicon-widget panel-first-child panel-last-child\" data-index=\"3\" >\t\t<div class=\"circle-icon-box circle-icon-position-top circle-icon-hide-box circle-icon-size-small\">\n\t\t\t<div class=\"circle-icon-wrapper\">\n\t\t\t\t\t\t\t\t<div class=\"circle-icon\" >\n\t\t\t\t\t<div class=\"fa fa-cloud\" ><\/div>\t\t\t\t<\/div>\n\t\t\t\t\t\t\t<\/div>\n\n\t\t\t\t\t\t\t\t\t\n\t\t\t\t\t\t\t\t<\/div>\n\t\t<\/div><\/div><\/div><div id=\"pg-91-3\"  class=\"panel-grid panel-no-style\" ><div id=\"pgc-91-3-0\"  class=\"panel-grid-cell\" ><div id=\"panel-91-3-0-0\" class=\"so-panel widget widget_text panel-first-child panel-last-child\" data-index=\"4\" ><h3 class=\"widget-title\">D\u00e9ploiement du relais sans fil au point de vente pour la continuit\u00e9 des op\u00e9rations<\/h3>\t\t\t<div class=\"textwidget\">Les environnements concurrentiels d'aujourd'hui exigent des temps de r\u00e9action de cinq \u00e0 neuf. Cela est particuli\u00e8rement \u00e9vident dans le secteur de la vente au d\u00e9tail, o\u00f9 votre concurrent n'est qu'\u00e0 quelques m\u00e8tres de vous. Une solution de connectivit\u00e9 de secours pour votre point de vente est un moyen de s'assurer que vous \u00eates ouvert aux affaires 99,999% du temps. Comptez sur Premier pour concevoir, d\u00e9ployer et g\u00e9rer un tel programme.   <\/div>\n\t\t<\/div><\/div><div id=\"pgc-91-3-1\"  class=\"panel-grid-cell\" ><div id=\"panel-91-3-1-0\" class=\"so-panel widget widget_circleicon-widget panel-first-child panel-last-child\" data-index=\"5\" >\t\t<div class=\"circle-icon-box circle-icon-position-top circle-icon-hide-box circle-icon-size-small\">\n\t\t\t<div class=\"circle-icon-wrapper\">\n\t\t\t\t\t\t\t\t<div class=\"circle-icon\" >\n\t\t\t\t\t<div class=\"fa fa-barcode\" ><\/div>\t\t\t\t<\/div>\n\t\t\t\t\t\t\t<\/div>\n\n\t\t\t\t\t\t\t\t\t\n\t\t\t\t\t\t\t\t<\/div>\n\t\t<\/div><\/div><\/div><div id=\"pg-91-4\"  class=\"panel-grid panel-no-style\" ><div id=\"pgc-91-4-0\"  class=\"panel-grid-cell\" ><div id=\"panel-91-4-0-0\" class=\"so-panel widget widget_text panel-first-child panel-last-child\" data-index=\"6\" ><h3 class=\"widget-title\">D\u00e9ploiement et gestion de l'affichage num\u00e9rique et des kiosques interactifs<\/h3>\t\t\t<div class=\"textwidget\">Diffusez de la publicit\u00e9 et du contenu g\u00e9o-localis\u00e9s avec des panneaux num\u00e9riques en r\u00e9seau. Premier peut d\u00e9ployer, fournir et g\u00e9rer un r\u00e9seau de panneaux num\u00e9riques pour vos points de vente.  <\/div>\n\t\t<\/div><\/div><div id=\"pgc-91-4-1\"  class=\"panel-grid-cell\" ><div id=\"panel-91-4-1-0\" class=\"so-panel widget widget_circleicon-widget panel-first-child panel-last-child\" data-index=\"7\" >\t\t<div class=\"circle-icon-box circle-icon-position-top circle-icon-hide-box circle-icon-size-small\">\n\t\t\t<div class=\"circle-icon-wrapper\">\n\t\t\t\t\t\t\t\t<div class=\"circle-icon\" >\n\t\t\t\t\t<div class=\"fa fa-tablet\" ><\/div>\t\t\t\t<\/div>\n\t\t\t\t\t\t\t<\/div>\n\n\t\t\t\t\t\t\t\t\t\n\t\t\t\t\t\t\t\t<\/div>\n\t\t<\/div><\/div><\/div><div id=\"pg-91-5\"  class=\"panel-grid panel-no-style\" ><div id=\"pgc-91-5-0\"  class=\"panel-grid-cell\" ><div id=\"panel-91-5-0-0\" class=\"so-panel widget widget_text panel-first-child panel-last-child\" data-index=\"8\" ><h3 class=\"widget-title\">Gestion \u00e0 distance du r\u00e9seau 'cloud' pour les r\u00e9seaux distribu\u00e9s dans le secteur de la vente au d\u00e9tail <\/h3>\t\t\t<div class=\"textwidget\">Une cha\u00eene de magasins de d\u00e9tail est souvent r\u00e9partie sur une r\u00e9gion g\u00e9ographique, ce qui rend souvent difficile le maintien des niveaux de service lorsqu'il s'agit de g\u00e9rer les r\u00e9seaux de communication des magasins. Premier peut surveiller \u00e0 distance les r\u00e9seaux distribu\u00e9s et avertir les parties impliqu\u00e9es de tout probl\u00e8me lorsqu'il survient. Utilisez nos services g\u00e9r\u00e9s pour augmenter la satisfaction des clients et cr\u00e9er des exp\u00e9riences extraordinaires. <\/div>\n\t\t<\/div><\/div><div id=\"pgc-91-5-1\"  class=\"panel-grid-cell\" ><div id=\"panel-91-5-1-0\" class=\"so-panel widget widget_circleicon-widget panel-first-child panel-last-child\" data-index=\"9\" >\t\t<div class=\"circle-icon-box circle-icon-position-top circle-icon-hide-box circle-icon-size-small\">\n\t\t\t<div class=\"circle-icon-wrapper\">\n\t\t\t\t\t\t\t\t<div class=\"circle-icon\" >\n\t\t\t\t\t<div class=\"fa fa-gears\" ><\/div>\t\t\t\t<\/div>\n\t\t\t\t\t\t\t<\/div>\n\n\t\t\t\t\t\t\t\t\t\n\t\t\t\t\t\t\t\t<\/div>\n\t\t<\/div><\/div><\/div><\/div>","protected":false},"excerpt":{"rendered":"<p>In a sector where your competitor is but a few meters away or a few clicks away the retail market today is more competitive than it has ever been in history. Being able to adapt quickly to the ever changing needs of your target customer, creating a unique customer experience, and managing operational expenses are [&hellip;]<\/p>\n","protected":false},"author":1,"featured_media":0,"parent":0,"menu_order":0,"comment_status":"closed","ping_status":"closed","template":"","meta":{"footnotes":""},"class_list":["post-91","page","type-page","status-publish","hentry","post"],"_links":{"self":[{"href":"https:\/\/getpremier.net\/fr\/wp-json\/wp\/v2\/pages\/91","targetHints":{"allow":["GET"]}}],"collection":[{"href":"https:\/\/getpremier.net\/fr\/wp-json\/wp\/v2\/pages"}],"about":[{"href":"https:\/\/getpremier.net\/fr\/wp-json\/wp\/v2\/types\/page"}],"author":[{"embeddable":true,"href":"https:\/\/getpremier.net\/fr\/wp-json\/wp\/v2\/users\/1"}],"replies":[{"embeddable":true,"href":"https:\/\/getpremier.net\/fr\/wp-json\/wp\/v2\/comments?post=91"}],"version-history":[{"count":2,"href":"https:\/\/getpremier.net\/fr\/wp-json\/wp\/v2\/pages\/91\/revisions"}],"predecessor-version":[{"id":162,"href":"https:\/\/getpremier.net\/fr\/wp-json\/wp\/v2\/pages\/91\/revisions\/162"}],"wp:attachment":[{"href":"https:\/\/getpremier.net\/fr\/wp-json\/wp\/v2\/media?parent=91"}],"curies":[{"name":"wp","href":"https:\/\/api.w.org\/{rel}","templated":true}]}}