{"id":89,"date":"2015-08-25T00:17:39","date_gmt":"2015-08-25T00:17:39","guid":{"rendered":"http:\/\/getpremier.net\/?page_id=89"},"modified":"2015-09-01T16:06:39","modified_gmt":"2015-09-01T16:06:39","slug":"financial","status":"publish","type":"page","link":"https:\/\/getpremier.net\/fr\/financial\/","title":{"rendered":"Financier"},"content":{"rendered":"<div id=\"pl-89\"  class=\"panel-layout\" ><div id=\"pg-89-0\"  class=\"panel-grid panel-no-style\" ><div id=\"pgc-89-0-0\"  class=\"panel-grid-cell\" ><div id=\"panel-89-0-0-0\" class=\"so-panel widget widget_sow-image panel-first-child panel-last-child\" data-index=\"0\" ><div\n\t\t\t\n\t\t\tclass=\"so-widget-sow-image so-widget-sow-image-default-dbf295114b96-89\"\n\t\t\t\n\t\t>\n<div class=\"sow-image-container\">\n\t\t<img \n\tsrc=\"https:\/\/getpremier.net\/wp-content\/uploads\/2015\/08\/financial.jpg\" width=\"640\" height=\"250\" srcset=\"https:\/\/getpremier.net\/wp-content\/uploads\/2015\/08\/financial.jpg 640w, https:\/\/getpremier.net\/wp-content\/uploads\/2015\/08\/financial-300x117.jpg 300w\" sizes=\"(max-width: 640px) 100vw, 640px\" alt=\"\" \t\tclass=\"so-widget-image\"\/>\n\t<\/div>\n\n<\/div><\/div><\/div><\/div><div id=\"pg-89-1\"  class=\"panel-grid panel-no-style\" ><div id=\"pgc-89-1-0\"  class=\"panel-grid-cell\" ><div id=\"panel-89-1-0-0\" class=\"so-panel widget widget_text panel-first-child panel-last-child\" data-index=\"1\" >\t\t\t<div class=\"textwidget\">Qu'il soit question de la conservation des centres de donn\u00e9es, de la mise en place de syst\u00e8mes KVM pour les bureaux de n\u00e9gociation financi\u00e8re, de l'int\u00e9gration des communications ou de la surveillance des r\u00e9seaux, Premier peut aider \u00e0 la conception, au d\u00e9ploiement et \u00e0 la livraison. <\/div>\n\t\t<\/div><\/div><\/div><div id=\"pg-89-2\"  class=\"panel-grid panel-no-style\" ><div id=\"pgc-89-2-0\"  class=\"panel-grid-cell\" ><div id=\"panel-89-2-0-0\" class=\"so-panel widget widget_text panel-first-child panel-last-child\" data-index=\"2\" ><h3 class=\"widget-title\">C\u00e2blage de cabinet de centre de donn\u00e9es pour l'infrastructure de centre de donn\u00e9es<\/h3>\t\t\t<div class=\"textwidget\">L'installation de centres de donn\u00e9es pour les institutions financi\u00e8res est une initiative majeure : des centaines de cabinets et des milliers de c\u00e2bles ne sont pas rares pour l'accomplir. Premier est en mesure de g\u00e9rer de telles installations et de s'assurer que les projets sont achev\u00e9s dans les d\u00e9lais et les budgets impartis. <\/div>\n\t\t<\/div><\/div><div id=\"pgc-89-2-1\"  class=\"panel-grid-cell\" ><div id=\"panel-89-2-1-0\" class=\"so-panel widget widget_circleicon-widget panel-first-child panel-last-child\" data-index=\"3\" >\t\t<div class=\"circle-icon-box circle-icon-position-top circle-icon-hide-box circle-icon-size-small\">\n\t\t\t<div class=\"circle-icon-wrapper\">\n\t\t\t\t\t\t\t\t<div class=\"circle-icon\" >\n\t\t\t\t\t<div class=\"fa fa-building-o\" ><\/div>\t\t\t\t<\/div>\n\t\t\t\t\t\t\t<\/div>\n\n\t\t\t\t\t\t\t\t\t\n\t\t\t\t\t\t\t\t<\/div>\n\t\t<\/div><\/div><\/div><div id=\"pg-89-3\"  class=\"panel-grid panel-no-style\" ><div id=\"pgc-89-3-0\"  class=\"panel-grid-cell\" ><div id=\"panel-89-3-0-0\" class=\"so-panel widget widget_text panel-first-child panel-last-child\" data-index=\"4\" ><h3 class=\"widget-title\">D\u00e9ploiement sur le terrain de la connectivit\u00e9 des donn\u00e9es pour les distributeurs automatiques de billets  <\/h3>\t\t\t<div class=\"textwidget\">Les guichets automatiques sont g\u00e9ographiquement \u00e9parpill\u00e9s et sont souvent situ\u00e9s dans des zones qui ne sont pas id\u00e9ales pour la connectivit\u00e9 des donn\u00e9es. Pour \u00e9viter de se fier aux r\u00e9seaux locaux, laissez Premier concevoir, d\u00e9ployer et fournir un r\u00e9seau sans fil superpos\u00e9 enti\u00e8rement g\u00e9r\u00e9 pour votre r\u00e9seau de guichets automatiques. <\/div>\n\t\t<\/div><\/div><div id=\"pgc-89-3-1\"  class=\"panel-grid-cell\" ><div id=\"panel-89-3-1-0\" class=\"so-panel widget widget_circleicon-widget panel-first-child panel-last-child\" data-index=\"5\" >\t\t<div class=\"circle-icon-box circle-icon-position-top circle-icon-hide-box circle-icon-size-small\">\n\t\t\t<div class=\"circle-icon-wrapper\">\n\t\t\t\t\t\t\t\t<div class=\"circle-icon\" >\n\t\t\t\t\t<div class=\"fa fa-credit-card\" ><\/div>\t\t\t\t<\/div>\n\t\t\t\t\t\t\t<\/div>\n\n\t\t\t\t\t\t\t\t\t\n\t\t\t\t\t\t\t\t<\/div>\n\t\t<\/div><\/div><\/div><\/div>","protected":false},"excerpt":{"rendered":"<p>Whether it&#8217;s maintaining data centers, setting up KVM systems for financial trading desks, integrating communications or monitoring networks Premier can help design, deploy and deliver.<\/p>","protected":false},"author":1,"featured_media":0,"parent":0,"menu_order":0,"comment_status":"closed","ping_status":"closed","template":"","meta":{"footnotes":""},"class_list":["post-89","page","type-page","status-publish","hentry","post"],"_links":{"self":[{"href":"https:\/\/getpremier.net\/fr\/wp-json\/wp\/v2\/pages\/89","targetHints":{"allow":["GET"]}}],"collection":[{"href":"https:\/\/getpremier.net\/fr\/wp-json\/wp\/v2\/pages"}],"about":[{"href":"https:\/\/getpremier.net\/fr\/wp-json\/wp\/v2\/types\/page"}],"author":[{"embeddable":true,"href":"https:\/\/getpremier.net\/fr\/wp-json\/wp\/v2\/users\/1"}],"replies":[{"embeddable":true,"href":"https:\/\/getpremier.net\/fr\/wp-json\/wp\/v2\/comments?post=89"}],"version-history":[{"count":1,"href":"https:\/\/getpremier.net\/fr\/wp-json\/wp\/v2\/pages\/89\/revisions"}],"predecessor-version":[{"id":195,"href":"https:\/\/getpremier.net\/fr\/wp-json\/wp\/v2\/pages\/89\/revisions\/195"}],"wp:attachment":[{"href":"https:\/\/getpremier.net\/fr\/wp-json\/wp\/v2\/media?parent=89"}],"curies":[{"name":"wp","href":"https:\/\/api.w.org\/{rel}","templated":true}]}}