{"id":42,"date":"2015-08-21T22:51:39","date_gmt":"2015-08-21T22:51:39","guid":{"rendered":"http:\/\/getpremier.net\/?page_id=42"},"modified":"2015-08-26T18:32:37","modified_gmt":"2015-08-26T18:32:37","slug":"managed-services","status":"publish","type":"page","link":"https:\/\/getpremier.net\/fr\/managed-services\/","title":{"rendered":"Des services g\u00e9r\u00e9s"},"content":{"rendered":"<div id=\"pl-42\"  class=\"panel-layout\" ><div id=\"pg-42-0\"  class=\"panel-grid panel-no-style\" ><div id=\"pgc-42-0-0\"  class=\"panel-grid-cell\" ><div id=\"panel-42-0-0-0\" class=\"so-panel widget widget_sow-image panel-first-child panel-last-child\" data-index=\"0\" ><div\n\t\t\t\n\t\t\tclass=\"so-widget-sow-image so-widget-sow-image-default-dbf295114b96-42\"\n\t\t\t\n\t\t>\n<div class=\"sow-image-container\">\n\t\t<img \n\tsrc=\"https:\/\/getpremier.net\/wp-content\/uploads\/2015\/08\/managed.jpg\" width=\"640\" height=\"250\" srcset=\"https:\/\/getpremier.net\/wp-content\/uploads\/2015\/08\/managed.jpg 640w, https:\/\/getpremier.net\/wp-content\/uploads\/2015\/08\/managed-300x117.jpg 300w\" sizes=\"(max-width: 640px) 100vw, 640px\" alt=\"\" \t\tclass=\"so-widget-image\"\/>\n\t<\/div>\n\n<\/div><\/div><\/div><\/div><div id=\"pg-42-1\"  class=\"panel-grid panel-no-style\" ><div id=\"pgc-42-1-0\"  class=\"panel-grid-cell\" ><div id=\"panel-42-1-0-0\" class=\"so-panel widget widget_text panel-first-child panel-last-child\" data-index=\"1\" >\t\t\t<div class=\"textwidget\">Qu'il s'agisse de la surveillance et de la gestion du r\u00e9seau ou de l'assistance technique, Premier propose une gamme compl\u00e8te de services g\u00e9r\u00e9s. Nous pouvons vous aider \u00e0 r\u00e9aliser une solution de services g\u00e9r\u00e9s pour r\u00e9soudre des d\u00e9fis technologiques complexes.<\/div>\n\t\t<\/div><\/div><\/div><div id=\"pg-42-2\"  class=\"panel-grid panel-no-style\" ><div id=\"pgc-42-2-0\"  class=\"panel-grid-cell\" ><div id=\"panel-42-2-0-0\" class=\"so-panel widget widget_text panel-first-child panel-last-child\" data-index=\"2\" ><h3 class=\"widget-title\">Une banque de renom externalise la surveillance \u00e0 distance de son r\u00e9seau sans fil<\/h3>\t\t\t<div class=\"textwidget\">Lorsqu'une banque renomm\u00e9e a voulu d\u00e9l\u00e9guer la surveillance \u00e0 distance et le support du r\u00e9seau de connectivit\u00e9 des distributeurs automatiques de billets, elle s'est adress\u00e9e \u00e0 Premier. <\/div>\n\t\t<\/div><\/div><div id=\"pgc-42-2-1\"  class=\"panel-grid-cell\" ><div id=\"panel-42-2-1-0\" class=\"so-panel widget widget_circleicon-widget panel-first-child panel-last-child\" data-index=\"3\" >\t\t<div class=\"circle-icon-box circle-icon-position-top circle-icon-hide-box circle-icon-size-small\">\n\t\t\t<div class=\"circle-icon-wrapper\">\n\t\t\t\t\t\t\t\t<div class=\"circle-icon\" >\n\t\t\t\t\t<div class=\"fa fa-credit-card\" ><\/div>\t\t\t\t<\/div>\n\t\t\t\t\t\t\t<\/div>\n\n\t\t\t\t\t\t\t\t\t\n\t\t\t\t\t\t\t\t\t\t<a href=\"#\" class=\"more-button\" >\u00c9tude de cas <i><\/i><\/a>\n\t\t\t\t\t<\/div>\n\t\t<\/div><\/div><\/div><div id=\"pg-42-3\"  class=\"panel-grid panel-no-style\" ><div id=\"pgc-42-3-0\"  class=\"panel-grid-cell\" ><div id=\"panel-42-3-0-0\" class=\"so-panel widget widget_text panel-first-child panel-last-child\" data-index=\"4\" ><h3 class=\"widget-title\">La compagnie des chemins de fer nationaux du Canada sous-traite l'assistance 24\/7 aux centres de maintien.<\/h3>\t\t\t<div class=\"textwidget\">Lorsqu'une compagnie ferroviaire nationale a voulu externaliser le support d'un r\u00e9seau nouvellement install\u00e9 dans ses centres de maintien, elle s'est adress\u00e9e \u00e0 Premier.<\/div>\n\t\t<\/div><\/div><div id=\"pgc-42-3-1\"  class=\"panel-grid-cell\" ><div id=\"panel-42-3-1-0\" class=\"so-panel widget widget_circleicon-widget panel-first-child panel-last-child\" data-index=\"5\" >\t\t<div class=\"circle-icon-box circle-icon-position-top circle-icon-hide-box circle-icon-size-small\">\n\t\t\t<div class=\"circle-icon-wrapper\">\n\t\t\t\t\t\t\t\t<div class=\"circle-icon\" >\n\t\t\t\t\t<div class=\"fa fa-support\" ><\/div>\t\t\t\t<\/div>\n\t\t\t\t\t\t\t<\/div>\n\n\t\t\t\t\t\t\t\t\t\n\t\t\t\t\t\t\t\t\t\t<a href=\"#\" class=\"more-button\" >\u00c9tude de cas <i><\/i><\/a>\n\t\t\t\t\t<\/div>\n\t\t<\/div><\/div><\/div><\/div>","protected":false},"excerpt":{"rendered":"<p>Qu'il s'agisse de la surveillance et de la gestion du r\u00e9seau ou de l'assistance technique, Premier propose une gamme compl\u00e8te de services g\u00e9r\u00e9s. Nous pouvons vous aider \u00e0 r\u00e9aliser une solution de services g\u00e9r\u00e9s pour r\u00e9soudre des d\u00e9fis technologiques complexes.<\/p>","protected":false},"author":1,"featured_media":0,"parent":0,"menu_order":0,"comment_status":"closed","ping_status":"closed","template":"","meta":{"footnotes":""},"class_list":["post-42","page","type-page","status-publish","hentry","post"],"_links":{"self":[{"href":"https:\/\/getpremier.net\/fr\/wp-json\/wp\/v2\/pages\/42","targetHints":{"allow":["GET"]}}],"collection":[{"href":"https:\/\/getpremier.net\/fr\/wp-json\/wp\/v2\/pages"}],"about":[{"href":"https:\/\/getpremier.net\/fr\/wp-json\/wp\/v2\/types\/page"}],"author":[{"embeddable":true,"href":"https:\/\/getpremier.net\/fr\/wp-json\/wp\/v2\/users\/1"}],"replies":[{"embeddable":true,"href":"https:\/\/getpremier.net\/fr\/wp-json\/wp\/v2\/comments?post=42"}],"version-history":[{"count":2,"href":"https:\/\/getpremier.net\/fr\/wp-json\/wp\/v2\/pages\/42\/revisions"}],"predecessor-version":[{"id":129,"href":"https:\/\/getpremier.net\/fr\/wp-json\/wp\/v2\/pages\/42\/revisions\/129"}],"wp:attachment":[{"href":"https:\/\/getpremier.net\/fr\/wp-json\/wp\/v2\/media?parent=42"}],"curies":[{"name":"wp","href":"https:\/\/api.w.org\/{rel}","templated":true}]}}