{"id":40,"date":"2015-08-21T22:51:21","date_gmt":"2015-08-21T22:51:21","guid":{"rendered":"http:\/\/getpremier.net\/?page_id=40"},"modified":"2015-10-01T20:52:20","modified_gmt":"2015-10-01T20:52:20","slug":"deployment-delivery","status":"publish","type":"page","link":"https:\/\/getpremier.net\/fr\/deployment-delivery\/","title":{"rendered":"Livraison par d\u00e9ploiement"},"content":{"rendered":"<div id=\"pl-40\"  class=\"panel-layout\" ><div id=\"pg-40-0\"  class=\"panel-grid panel-no-style\" ><div id=\"pgc-40-0-0\"  class=\"panel-grid-cell\" ><div id=\"panel-40-0-0-0\" class=\"so-panel widget widget_sow-image panel-first-child panel-last-child\" data-index=\"0\" ><div\n\t\t\t\n\t\t\tclass=\"so-widget-sow-image so-widget-sow-image-default-dbf295114b96-40\"\n\t\t\t\n\t\t>\n<div class=\"sow-image-container\">\n\t\t<img \n\tsrc=\"https:\/\/getpremier.net\/wp-content\/uploads\/2015\/08\/deployment.jpg\" width=\"640\" height=\"250\" srcset=\"https:\/\/getpremier.net\/wp-content\/uploads\/2015\/08\/deployment.jpg 640w, https:\/\/getpremier.net\/wp-content\/uploads\/2015\/08\/deployment-300x117.jpg 300w\" sizes=\"(max-width: 640px) 100vw, 640px\" alt=\"\" \t\tclass=\"so-widget-image\"\/>\n\t<\/div>\n\n<\/div><\/div><\/div><\/div><div id=\"pg-40-1\"  class=\"panel-grid panel-no-style\" ><div id=\"pgc-40-1-0\"  class=\"panel-grid-cell\" ><div id=\"panel-40-1-0-0\" class=\"so-panel widget widget_text panel-first-child panel-last-child\" data-index=\"1\" >\t\t\t<div class=\"textwidget\">Premier peut livrer et d\u00e9ployer des projets \u00e0 l'\u00e9chelle nationale. Nous pouvons organiser et g\u00e9rer rapidement une \u00e9quipe de techniciens qualifi\u00e9s pour ex\u00e9cuter efficacement les d\u00e9ploiements technologiques. Soutenus par une \u00e9quipe centralis\u00e9e, les techniciens sur le terrain peuvent s'adapter aux changements de sp\u00e9cifications du projet, aux d\u00e9lais et aux commentaires des clients. Confiez-nous vos : c\u00e2blage et fibre optique, signalisation num\u00e9rique, kiosques, syst\u00e8mes POS, syst\u00e8mes RFID, technologie de l'information.  <\/div>\n\t\t<\/div><\/div><\/div><div id=\"pg-40-2\"  class=\"panel-grid panel-no-style\" ><div id=\"pgc-40-2-0\"  class=\"panel-grid-cell\" ><div id=\"panel-40-2-0-0\" class=\"so-panel widget widget_text panel-first-child panel-last-child\" data-index=\"2\" ><h3 class=\"widget-title\">Une agence gouvernementale choisit Premier pour fournir une technologie sans fil<\/h3>\t\t\t<div class=\"textwidget\">Lorsqu'une agence gouvernementale charg\u00e9e de surveiller la qualit\u00e9 de l'air a voulu d\u00e9ployer une connectivit\u00e9 sans fil dans ses cabanes de surveillance, elle s'est tourn\u00e9e \u00e0 Premier pour trouver une solution.<\/div>\n\t\t<\/div><\/div><div id=\"pgc-40-2-1\"  class=\"panel-grid-cell\" ><div id=\"panel-40-2-1-0\" class=\"so-panel widget widget_circleicon-widget panel-first-child panel-last-child\" data-index=\"3\" >\t\t<div class=\"circle-icon-box circle-icon-position-top circle-icon-hide-box circle-icon-size-small\">\n\t\t\t<div class=\"circle-icon-wrapper\">\n\t\t\t\t\t\t\t\t<div class=\"circle-icon\" >\n\t\t\t\t\t<div class=\"fa fa-wifi\" ><\/div>\t\t\t\t<\/div>\n\t\t\t\t\t\t\t<\/div>\n\n\t\t\t\t\t\t\t\t\t\n\t\t\t\t\t\t\t\t\t\t<a href=\"http:\/\/getpremier.net\/fr\/premier-connects-monitoring-stations-to-wireless-cloud\/\" class=\"more-button\" >\u00c9tude de cas <i><\/i><\/a>\n\t\t\t\t\t<\/div>\n\t\t<\/div><\/div><\/div><div id=\"pg-40-3\"  class=\"panel-grid panel-no-style\" ><div id=\"pgc-40-3-0\"  class=\"panel-grid-cell\" ><div id=\"panel-40-3-0-0\" class=\"so-panel widget widget_text panel-first-child panel-last-child\" data-index=\"4\" ><h3 class=\"widget-title\">Une compagnie ferroviaire nationale demande Premier de connecter ses gares ferroviaires \u00e0 l'Internet<\/h3>\t\t\t<div class=\"textwidget\">Lorsqu'une compagnie ferroviaire nationale a voulu apporter un acc\u00e8s Internet rapide \u00e0 ses centres d'entretien \u00e0  travers tout le pays, elle s'est adress\u00e9e \u00e0 Premier pour d\u00e9ployer et fournir une solution. <\/div>\n\t\t<\/div><\/div><div id=\"pgc-40-3-1\"  class=\"panel-grid-cell\" ><div id=\"panel-40-3-1-0\" class=\"so-panel widget widget_circleicon-widget panel-first-child panel-last-child\" data-index=\"5\" >\t\t<div class=\"circle-icon-box circle-icon-position-top circle-icon-hide-box circle-icon-size-small\">\n\t\t\t<div class=\"circle-icon-wrapper\">\n\t\t\t\t\t\t\t\t<div class=\"circle-icon\" >\n\t\t\t\t\t<div class=\"fa fa-cloud\" ><\/div>\t\t\t\t<\/div>\n\t\t\t\t\t\t\t<\/div>\n\n\t\t\t\t\t\t\t\t\t\n\t\t\t\t\t\t\t\t\t\t<a href=\"http:\/\/getpremier.net\/fr\/national-rail-company-picks-premier-to-connect-rail-yards-to-the-internet\/\" class=\"more-button\" >\u00c9tude de cas <i><\/i><\/a>\n\t\t\t\t\t<\/div>\n\t\t<\/div><\/div><\/div><div id=\"pg-40-4\"  class=\"panel-grid panel-no-style\" ><div id=\"pgc-40-4-0\"  class=\"panel-grid-cell\" ><div id=\"panel-40-4-0-0\" class=\"so-panel widget widget_text panel-first-child panel-last-child\" data-index=\"6\" ><h3 class=\"widget-title\">Premier d\u00e9ploie une technologie de basculement pour les syst\u00e8mes de points de vente d'une cha\u00eene de restaurants.<\/h3>\t\t\t<div class=\"textwidget\">Lorsqu'une cha\u00eene nationale de restaurants a eu besoin d'une connectivit\u00e9 de basculement pour ses syst\u00e8mes de point de vente, elle a fait appel \u00e0 Premier pour la configuration, la livraison et le d\u00e9ploiement. <\/div>\n\t\t<\/div><\/div><div id=\"pgc-40-4-1\"  class=\"panel-grid-cell\" ><div id=\"panel-40-4-1-0\" class=\"so-panel widget widget_circleicon-widget panel-first-child panel-last-child\" data-index=\"7\" >\t\t<div class=\"circle-icon-box circle-icon-position-top circle-icon-hide-box circle-icon-size-small\">\n\t\t\t<div class=\"circle-icon-wrapper\">\n\t\t\t\t\t\t\t\t<div class=\"circle-icon\" >\n\t\t\t\t\t<div class=\"fa fa-credit-card\" ><\/div>\t\t\t\t<\/div>\n\t\t\t\t\t\t\t<\/div>\n\n\t\t\t\t\t\t\t\t\t\n\t\t\t\t\t\t\t\t\t\t<a href=\"http:\/\/getpremier.net\/fr\/premier-deploys-failover-technology-for-pos-systems-at-restaurant-chain\/\" class=\"more-button\" >\u00c9tude de cas <i><\/i><\/a>\n\t\t\t\t\t<\/div>\n\t\t<\/div><\/div><\/div><div id=\"pg-40-5\"  class=\"panel-grid panel-no-style\" ><div id=\"pgc-40-5-0\"  class=\"panel-grid-cell\" ><div id=\"panel-40-5-0-0\" class=\"so-panel widget widget_text panel-first-child panel-last-child\" data-index=\"8\" ><h3 class=\"widget-title\">Une entreprise de construction choisit Premier pour tous ses besoins en mati\u00e8re de c\u00e2blage et de communication \u00e0 l'int\u00e9rieur de ses b\u00e2timents.<\/h3>\t\t\t<div class=\"textwidget\">Une planification et une ex\u00e9cution ad\u00e9quates sont n\u00e9cessaires lors du c\u00e2blage d'un nouveau projet de construction. Les gestionnaires peuvent compter sur Premier pour fournir un c\u00e2blage personnalis\u00e9 et un d\u00e9ploiement appropri\u00e9 dans le b\u00e2timent. <\/div>\n\t\t<\/div><\/div><div id=\"pgc-40-5-1\"  class=\"panel-grid-cell\" ><div id=\"panel-40-5-1-0\" class=\"so-panel widget widget_circleicon-widget panel-first-child panel-last-child\" data-index=\"9\" >\t\t<div class=\"circle-icon-box circle-icon-position-top circle-icon-hide-box circle-icon-size-small\">\n\t\t\t<div class=\"circle-icon-wrapper\">\n\t\t\t\t\t\t\t\t<div class=\"circle-icon\" >\n\t\t\t\t\t<div class=\"fa fa-building\" ><\/div>\t\t\t\t<\/div>\n\t\t\t\t\t\t\t<\/div>\n\n\t\t\t\t\t\t\t\t\t\n\t\t\t\t\t\t\t\t\t\t<a href=\"#\" class=\"more-button\" >\u00c9tude de cas <i><\/i><\/a>\n\t\t\t\t\t<\/div>\n\t\t<\/div><\/div><\/div><\/div>","protected":false},"excerpt":{"rendered":"<p>Premier can deliver and deploy large scale, nationwide projects. We can quickly organize and manage a team of qualified technicians to effectively execute technology deployments. Backed by a centralized team field technicians can adapt to project specification changes, time lines and customer feedback. Trust us with your: cabling and fiber, digital signage, kiosks, POS systems, [&hellip;]<\/p>\n","protected":false},"author":1,"featured_media":0,"parent":0,"menu_order":0,"comment_status":"closed","ping_status":"closed","template":"","meta":{"footnotes":""},"class_list":["post-40","page","type-page","status-publish","hentry","post"],"_links":{"self":[{"href":"https:\/\/getpremier.net\/fr\/wp-json\/wp\/v2\/pages\/40","targetHints":{"allow":["GET"]}}],"collection":[{"href":"https:\/\/getpremier.net\/fr\/wp-json\/wp\/v2\/pages"}],"about":[{"href":"https:\/\/getpremier.net\/fr\/wp-json\/wp\/v2\/types\/page"}],"author":[{"embeddable":true,"href":"https:\/\/getpremier.net\/fr\/wp-json\/wp\/v2\/users\/1"}],"replies":[{"embeddable":true,"href":"https:\/\/getpremier.net\/fr\/wp-json\/wp\/v2\/comments?post=40"}],"version-history":[{"count":2,"href":"https:\/\/getpremier.net\/fr\/wp-json\/wp\/v2\/pages\/40\/revisions"}],"predecessor-version":[{"id":109,"href":"https:\/\/getpremier.net\/fr\/wp-json\/wp\/v2\/pages\/40\/revisions\/109"}],"wp:attachment":[{"href":"https:\/\/getpremier.net\/fr\/wp-json\/wp\/v2\/media?parent=40"}],"curies":[{"name":"wp","href":"https:\/\/api.w.org\/{rel}","templated":true}]}}