{"id":38,"date":"2015-08-21T22:50:57","date_gmt":"2015-08-21T22:50:57","guid":{"rendered":"http:\/\/getpremier.net\/?page_id=38"},"modified":"2015-09-11T14:04:17","modified_gmt":"2015-09-11T14:04:17","slug":"solution-engineering","status":"publish","type":"page","link":"https:\/\/getpremier.net\/fr\/solution-engineering\/","title":{"rendered":"Ing\u00e9nierie des solutions"},"content":{"rendered":"<div id=\"pl-38\"  class=\"panel-layout\" ><div id=\"pg-38-0\"  class=\"panel-grid panel-no-style\" ><div id=\"pgc-38-0-0\"  class=\"panel-grid-cell\" ><div id=\"panel-38-0-0-0\" class=\"so-panel widget widget_sow-image panel-first-child panel-last-child\" data-index=\"0\" ><div\n\t\t\t\n\t\t\tclass=\"so-widget-sow-image so-widget-sow-image-default-dbf295114b96-38\"\n\t\t\t\n\t\t>\n<div class=\"sow-image-container\">\n\t\t<img \n\tsrc=\"https:\/\/getpremier.net\/wp-content\/uploads\/2015\/08\/solutioneng.jpg\" width=\"640\" height=\"250\" srcset=\"https:\/\/getpremier.net\/wp-content\/uploads\/2015\/08\/solutioneng.jpg 640w, https:\/\/getpremier.net\/wp-content\/uploads\/2015\/08\/solutioneng-300x117.jpg 300w\" sizes=\"(max-width: 640px) 100vw, 640px\" alt=\"\" \t\tclass=\"so-widget-image\"\/>\n\t<\/div>\n\n<\/div><\/div><\/div><\/div><div id=\"pg-38-1\"  class=\"panel-grid panel-no-style\" ><div id=\"pgc-38-1-0\"  class=\"panel-grid-cell\" ><div id=\"panel-38-1-0-0\" class=\"so-panel widget widget_text panel-first-child panel-last-child\" data-index=\"1\" >\t\t\t<div class=\"textwidget\">Premier travaille avec des partenaires de premier ordre pour construire des syst\u00e8mes et architecturer des r\u00e9seaux. Qu'il s'agisse d'une consultation lors d'un partenariat ou d'un fournisseur, notre objectif est de construire une solution employant les derni\u00e8res technologies et normes qui r\u00e9pondent \u00e0 vos besoins.<\/div>\n\t\t<\/div><\/div><\/div><div id=\"pg-38-2\"  class=\"panel-grid panel-no-style\" ><div id=\"pgc-38-2-0\"  class=\"panel-grid-cell\" ><div id=\"panel-38-2-0-0\" class=\"so-panel widget widget_text panel-first-child panel-last-child\" data-index=\"2\" ><h3 class=\"widget-title\">Un cabinet de comptable d'expertise rejoint les auditeurs sur le terrain au centre de donn\u00e9es<\/h3>\t\t\t<div class=\"textwidget\">Lorsque KPMG a eu besoin d'une solution pour connecter ses auditeurs \u00e0 ses centres de donn\u00e9es, il a fait appel \u00e0 Premier pour concevoir un syst\u00e8me.<\/div>\n\t\t<\/div><\/div><div id=\"pgc-38-2-1\"  class=\"panel-grid-cell\" ><div id=\"panel-38-2-1-0\" class=\"so-panel widget widget_circleicon-widget panel-first-child panel-last-child\" data-index=\"3\" >\t\t<div class=\"circle-icon-box circle-icon-position-top circle-icon-hide-box circle-icon-size-small\">\n\t\t\t<div class=\"circle-icon-wrapper\">\n\t\t\t\t\t\t\t\t<div class=\"circle-icon\" >\n\t\t\t\t\t<div class=\"fa fa-database\" ><\/div>\t\t\t\t<\/div>\n\t\t\t\t\t\t\t<\/div>\n\n\t\t\t\t\t\t\t\t\t\n\t\t\t\t\t\t\t\t\t\t<a href=\"http:\/\/getpremier.net\/fr\/major-accounting-firm-connects-field-auditors-to-data-center\/\" class=\"more-button\" >\u00c9tude de cas <i><\/i><\/a>\n\t\t\t\t\t<\/div>\n\t\t<\/div><\/div><\/div><div id=\"pg-38-3\"  class=\"panel-grid panel-no-style\" ><div id=\"pgc-38-3-0\"  class=\"panel-grid-cell\" ><div id=\"panel-38-3-0-0\" class=\"so-panel widget widget_text panel-first-child panel-last-child\" data-index=\"4\" ><h3 class=\"widget-title\">Une agence d'identification nationale se tourne vers Premier pour concevoir un syst\u00e8me RFID.<\/h3>\t\t\t<div class=\"textwidget\">Lorsqu'une agence d'identification nationale a cherch\u00e9 quelqu'un pour l'aider \u00e0 concevoir un syst\u00e8me RFID qui lui permettrait de suivre les biens mobiles, elle s'est tourn\u00e9e vers Premier. <\/div>\n\t\t<\/div><\/div><div id=\"pgc-38-3-1\"  class=\"panel-grid-cell\" ><div id=\"panel-38-3-1-0\" class=\"so-panel widget widget_circleicon-widget panel-first-child panel-last-child\" data-index=\"5\" >\t\t<div class=\"circle-icon-box circle-icon-position-top circle-icon-hide-box circle-icon-size-small\">\n\t\t\t<div class=\"circle-icon-wrapper\">\n\t\t\t\t\t\t\t\t<div class=\"circle-icon\" >\n\t\t\t\t\t<div class=\"fa fa-wifi\" ><\/div>\t\t\t\t<\/div>\n\t\t\t\t\t\t\t<\/div>\n\n\t\t\t\t\t\t\t\t\t\n\t\t\t\t\t\t\t\t\t\t<a href=\"http:\/\/getpremier.net\/fr\/national-identification-agency-uses-premier-to-design-rfid-system\/\" class=\"more-button\" >\u00c9tude de cas <i><\/i><\/a>\n\t\t\t\t\t<\/div>\n\t\t<\/div><\/div><\/div><div id=\"pg-38-4\"  class=\"panel-grid panel-no-style\" ><div id=\"pgc-38-4-0\"  class=\"panel-grid-cell\" ><div id=\"panel-38-4-0-0\" class=\"so-panel widget widget_text panel-first-child panel-last-child\" data-index=\"6\" ><h3 class=\"widget-title\">Une banque r\u00e9put\u00e9e fait appel \u00e0 Premier pour architecturer son r\u00e9seau de signalisation num\u00e9rique<\/h3>\t\t\t<div class=\"textwidget\">Lorsqu'une banque r\u00e9nomm\u00e9 a voulu ajouter des kiosques d'information \u00e0 ses succursales, Premier \u00e9tait l\u00e0 pour \u00e9tablir une plateforme bas\u00e9e sur le cloud.<\/div>\n\t\t<\/div><\/div><div id=\"pgc-38-4-1\"  class=\"panel-grid-cell\" ><div id=\"panel-38-4-1-0\" class=\"so-panel widget widget_circleicon-widget panel-first-child panel-last-child\" data-index=\"7\" >\t\t<div class=\"circle-icon-box circle-icon-position-top circle-icon-hide-box circle-icon-size-small\">\n\t\t\t<div class=\"circle-icon-wrapper\">\n\t\t\t\t\t\t\t\t<div class=\"circle-icon\" >\n\t\t\t\t\t<div class=\"fa fa-tablet\" ><\/div>\t\t\t\t<\/div>\n\t\t\t\t\t\t\t<\/div>\n\n\t\t\t\t\t\t\t\t\t\n\t\t\t\t\t\t\t\t\t\t<a href=\"http:\/\/getpremier.net\/fr\/major-bank-uses-premier-to-architect-digital-signage-network\/\" class=\"more-button\" >\u00c9tude de cas <i><\/i><\/a>\n\t\t\t\t\t<\/div>\n\t\t<\/div><\/div><\/div><div id=\"pg-38-5\"  class=\"panel-grid panel-no-style\" ><div id=\"pgc-38-5-0\"  class=\"panel-grid-cell\" ><div id=\"panel-38-5-0-0\" class=\"so-panel widget widget_text panel-first-child panel-last-child\" data-index=\"8\" ><h3 class=\"widget-title\">Une entreprise de transport exige un c\u00e2blage personnalis\u00e9 pour la connectivit\u00e9 dans leurs taxis et Premier leur en fournit<\/h3>\t\t\t<div class=\"textwidget\">Lorsqu'une grande entreprise de transport poss\u00e9dant trois mille v\u00e9hicules a eu besoin de c\u00e2bles pour connecter des appareils dot\u00e9s Internet, Premier a pu les concevoir et les fabriquer en quelques semaines.<\/div>\n\t\t<\/div><\/div><div id=\"pgc-38-5-1\"  class=\"panel-grid-cell\" ><div id=\"panel-38-5-1-0\" class=\"so-panel widget widget_circleicon-widget panel-first-child panel-last-child\" data-index=\"9\" >\t\t<div class=\"circle-icon-box circle-icon-position-top circle-icon-hide-box circle-icon-size-small\">\n\t\t\t<div class=\"circle-icon-wrapper\">\n\t\t\t\t\t\t\t\t<div class=\"circle-icon\" >\n\t\t\t\t\t<div class=\"fa fa-plug\" ><\/div>\t\t\t\t<\/div>\n\t\t\t\t\t\t\t<\/div>\n\n\t\t\t\t\t\t\t\t\t\n\t\t\t\t\t\t\t\t\t\t<a href=\"http:\/\/getpremier.net\/fr\/transport-company-requires-custom-cabling\/\" class=\"more-button\" >\u00c9tude de cas <i><\/i><\/a>\n\t\t\t\t\t<\/div>\n\t\t<\/div><\/div><\/div><\/div>","protected":false},"excerpt":{"rendered":"<p>Premier travaille avec des partenaires de premier ordre pour construire des syst\u00e8mes et architecturer des r\u00e9seaux. Qu'il s'agisse d'une consultation lors d'un partenariat ou d'un fournisseur, notre objectif est de construire une solution employant les derni\u00e8res technologies et normes qui r\u00e9pondent \u00e0 vos besoins.<\/p>","protected":false},"author":1,"featured_media":0,"parent":0,"menu_order":0,"comment_status":"closed","ping_status":"closed","template":"","meta":{"footnotes":""},"class_list":["post-38","page","type-page","status-publish","hentry","post"],"_links":{"self":[{"href":"https:\/\/getpremier.net\/fr\/wp-json\/wp\/v2\/pages\/38","targetHints":{"allow":["GET"]}}],"collection":[{"href":"https:\/\/getpremier.net\/fr\/wp-json\/wp\/v2\/pages"}],"about":[{"href":"https:\/\/getpremier.net\/fr\/wp-json\/wp\/v2\/types\/page"}],"author":[{"embeddable":true,"href":"https:\/\/getpremier.net\/fr\/wp-json\/wp\/v2\/users\/1"}],"replies":[{"embeddable":true,"href":"https:\/\/getpremier.net\/fr\/wp-json\/wp\/v2\/comments?post=38"}],"version-history":[{"count":2,"href":"https:\/\/getpremier.net\/fr\/wp-json\/wp\/v2\/pages\/38\/revisions"}],"predecessor-version":[{"id":241,"href":"https:\/\/getpremier.net\/fr\/wp-json\/wp\/v2\/pages\/38\/revisions\/241"}],"wp:attachment":[{"href":"https:\/\/getpremier.net\/fr\/wp-json\/wp\/v2\/media?parent=38"}],"curies":[{"name":"wp","href":"https:\/\/api.w.org\/{rel}","templated":true}]}}