{"id":30,"date":"2015-08-21T14:31:41","date_gmt":"2015-08-21T14:31:41","guid":{"rendered":"http:\/\/getpremier.net\/?page_id=30"},"modified":"2015-09-24T15:07:36","modified_gmt":"2015-09-24T15:07:36","slug":"about","status":"publish","type":"page","link":"https:\/\/getpremier.net\/fr\/about\/","title":{"rendered":"\u00c0 propos"},"content":{"rendered":"<div id=\"pl-30\"  class=\"panel-layout\" ><div id=\"pg-30-0\"  class=\"panel-grid panel-no-style\" ><div id=\"pgc-30-0-0\"  class=\"panel-grid-cell\" ><div id=\"panel-30-0-0-0\" class=\"so-panel widget widget_sow-image panel-first-child panel-last-child\" data-index=\"0\" ><div\n\t\t\t\n\t\t\tclass=\"so-widget-sow-image so-widget-sow-image-default-dbf295114b96-30\"\n\t\t\t\n\t\t>\n<div class=\"sow-image-container\">\n\t\t<img \n\tsrc=\"https:\/\/getpremier.net\/wp-content\/uploads\/2015\/08\/aboutpremier.jpg\" width=\"640\" height=\"250\" srcset=\"https:\/\/getpremier.net\/wp-content\/uploads\/2015\/08\/aboutpremier.jpg 640w, https:\/\/getpremier.net\/wp-content\/uploads\/2015\/08\/aboutpremier-300x117.jpg 300w\" sizes=\"(max-width: 640px) 100vw, 640px\" alt=\"\" \t\tclass=\"so-widget-image\"\/>\n\t<\/div>\n\n<\/div><\/div><\/div><\/div><div id=\"pg-30-1\"  class=\"panel-grid panel-no-style\" ><div id=\"pgc-30-1-0\"  class=\"panel-grid-cell\" ><div id=\"panel-30-1-0-0\" class=\"so-panel widget widget_black-studio-tinymce widget_black_studio_tinymce panel-first-child panel-last-child\" data-index=\"1\" ><h3 class=\"widget-title\">Information sur la compagnie<\/h3><div class=\"textwidget\"><p style=\"text-align: justify;\">Premier Wireless Solutions Inc. est un fournisseur de confiance de solutions technologiques. Nous concevons, fournissons, d\u00e9ployons et g\u00e9rons les infrastructures de communication et de technologie d'aujourd'hui. \u00c9tablie en 2005, notre objectif est de fournir des solutions de haute qualit\u00e9 avec un engagement de service et de soutien. Notre objectif est de fournir une expertise en mati\u00e8re d'ing\u00e9nierie de solutions (d\u00e9finition et d\u00e9veloppement de solutions), de d\u00e9ploiement et de livraison (installation sur place et livraison de solutions) et de services g\u00e9r\u00e9s (entretien, soutien et surveillance \u00e0 distance).<\/p>\n<h4 style=\"text-align: justify;\">La gestion<\/h4>\n<p style=\"text-align: justify;\"><strong>Olivier Bernard - Pr\u00e9sident<\/strong>: Olivier a occup\u00e9 de nombreux postes de direction dans des entreprises technologiques, dont le plus r\u00e9cent \u00e9tait celui de vice-pr\u00e9sident du d\u00e9veloppement commercial chez Tyco Electronics. Olivier est titulaire d'un MSEE de McGill et d'un MBA de l'Universit\u00e9 Carlton.<\/p>\n<p style=\"text-align: justify;\"><strong>Jerome Brady - VP Op\u00e9rations<\/strong> En tant que responsable des op\u00e9rations, J\u00e9r\u00f4me est charg\u00e9 de g\u00e9rer des d\u00e9ploiements technologiques complexes et la conception de solutions. Il apporte une exp\u00e9rience consid\u00e9rable, ayant occup\u00e9 divers postes d'ing\u00e9nieur de gestion dans des entreprises comme Alcatel-Lucent et Nortel. J\u00e9r\u00f4me est titulaire d'un BSEE de l'Universit\u00e9 Concordia.<\/p>\n<p style=\"text-align: justify;\"><strong>Anthony Riso - VP D\u00e9veloppement commercial<\/strong> Anthony est responsable de tous les aspects impliquant l'engagement des partenaires et des clients. Anthony apporte une exp\u00e9rience approfondie, ayant occup\u00e9 divers postes de marketing et de vente dans des entreprises technologiques comme Nortel et Oplink. Anthony est titulaire d'un dipl\u00f4me en sciences et en gestion de l'Universit\u00e9 McGill.<\/p>\n<p>\u00a0<\/p>\n<p>\u00a0<\/p>\n<p>\u00a0<\/p>\n<\/div><\/div><\/div><\/div><div id=\"pg-30-2\"  class=\"panel-grid panel-has-style\" ><div style=\"border-top: 1px solid #b2b2b2; background-color: #b2b2b2; \" class=\"panel-row-style panel-row-style-for-30-2\" ><div id=\"pgc-30-2-0\"  class=\"panel-grid-cell panel-grid-cell-empty\" ><\/div><\/div><\/div><\/div>","protected":false},"excerpt":{"rendered":"<p>Premier Wireless Solutions Inc. is a trusted provider of technology solutions. We design, deliver &amp; deploy and manage today&#8217;s communications and technology infrastructure. Established in 2005 our focus has been to deliver high-quality solutions with a commitment to service and support. Our objective is to provide expertise in solution engineering (defining and developing solutions), deployment [&hellip;]<\/p>\n","protected":false},"author":1,"featured_media":0,"parent":0,"menu_order":0,"comment_status":"closed","ping_status":"closed","template":"","meta":{"footnotes":""},"class_list":["post-30","page","type-page","status-publish","hentry","post"],"_links":{"self":[{"href":"https:\/\/getpremier.net\/fr\/wp-json\/wp\/v2\/pages\/30","targetHints":{"allow":["GET"]}}],"collection":[{"href":"https:\/\/getpremier.net\/fr\/wp-json\/wp\/v2\/pages"}],"about":[{"href":"https:\/\/getpremier.net\/fr\/wp-json\/wp\/v2\/types\/page"}],"author":[{"embeddable":true,"href":"https:\/\/getpremier.net\/fr\/wp-json\/wp\/v2\/users\/1"}],"replies":[{"embeddable":true,"href":"https:\/\/getpremier.net\/fr\/wp-json\/wp\/v2\/comments?post=30"}],"version-history":[{"count":2,"href":"https:\/\/getpremier.net\/fr\/wp-json\/wp\/v2\/pages\/30\/revisions"}],"predecessor-version":[{"id":317,"href":"https:\/\/getpremier.net\/fr\/wp-json\/wp\/v2\/pages\/30\/revisions\/317"}],"wp:attachment":[{"href":"https:\/\/getpremier.net\/fr\/wp-json\/wp\/v2\/media?parent=30"}],"curies":[{"name":"wp","href":"https:\/\/api.w.org\/{rel}","templated":true}]}}