{"id":29,"date":"2015-08-21T14:17:41","date_gmt":"2015-08-21T14:17:41","guid":{"rendered":"http:\/\/getpremier.net\/?page_id=29"},"modified":"2022-12-08T15:24:44","modified_gmt":"2022-12-08T15:24:44","slug":"home-page","status":"publish","type":"page","link":"https:\/\/getpremier.net\/fr\/","title":{"rendered":"Home Page"},"content":{"rendered":"<div id=\"pl-29\"  class=\"panel-layout\" ><div id=\"pg-29-0\"  class=\"panel-grid panel-no-style\" ><div id=\"pgc-29-0-0\"  class=\"panel-grid-cell\" ><div id=\"panel-29-0-0-0\" class=\"so-panel widget widget_circleicon-widget panel-first-child panel-last-child\" data-index=\"0\" >\t\t<div class=\"circle-icon-box circle-icon-position-top circle-icon-hide-box circle-icon-size-small\">\n\t\t\t<div class=\"circle-icon-wrapper\">\n\t\t\t\t\t\t\t\t<div class=\"circle-icon\" >\n\t\t\t\t\t<div class=\"fa fa-cogs\" ><\/div>\t\t\t\t<\/div>\n\t\t\t\t\t\t\t<\/div>\n\n\t\t\t\t\t\t<h4 >Ing\u00e9nierie des solutions<\/h4>\t\t\t\n\t\t\t<p class=\"text\" >La technologie la plus r\u00e9cente en mati\u00e8re de composants, de modules et de syst\u00e8mes utilisant les normes de conception les plus r\u00e9centes. Laissez-nous concevoir votre prochaine id\u00e9e.<\/p>\t\t\t\t\t\t\t<a href=\"http:\/\/getpremier.net\/fr\/solution-engineering\/\" class=\"more-button\" >Cr\u00e9ez <i><\/i><\/a>\n\t\t\t\t\t<\/div>\n\t\t<\/div><\/div><div id=\"pgc-29-0-1\"  class=\"panel-grid-cell\" ><div id=\"panel-29-0-1-0\" class=\"so-panel widget widget_circleicon-widget panel-first-child panel-last-child\" data-index=\"1\" >\t\t<div class=\"circle-icon-box circle-icon-position-top circle-icon-hide-box circle-icon-size-small\">\n\t\t\t<div class=\"circle-icon-wrapper\">\n\t\t\t\t\t\t\t\t<div class=\"circle-icon\" >\n\t\t\t\t\t<div class=\"fa fa-truck\" ><\/div>\t\t\t\t<\/div>\n\t\t\t\t\t\t\t<\/div>\n\n\t\t\t\t\t\t<h4 >Livraison par d\u00e9ploiement<\/h4>\t\t\t\n\t\t\t<p class=\"text\" >Livr\u00e9 et d\u00e9ploy\u00e9 \u00e0 travers tout le pays par un personnel certifi\u00e9. Demandez-nous pour des renseignements sur nos services \"no touch\". <\/p>\t\t\t\t\t\t\t<a href=\"http:\/\/getpremier.net\/fr\/deployment-delivery\/\" class=\"more-button\" >D\u00e9ployez <i><\/i><\/a>\n\t\t\t\t\t<\/div>\n\t\t<\/div><\/div><div id=\"pgc-29-0-2\"  class=\"panel-grid-cell\" ><div id=\"panel-29-0-2-0\" class=\"so-panel widget widget_circleicon-widget panel-first-child panel-last-child\" data-index=\"2\" >\t\t<div class=\"circle-icon-box circle-icon-position-top circle-icon-hide-box circle-icon-size-small\">\n\t\t\t<div class=\"circle-icon-wrapper\">\n\t\t\t\t\t\t\t\t<div class=\"circle-icon\" >\n\t\t\t\t\t<div class=\"fa fa-cloud\" ><\/div>\t\t\t\t<\/div>\n\t\t\t\t\t\t\t<\/div>\n\n\t\t\t\t\t\t<h4 >Des services g\u00e9r\u00e9s<\/h4>\t\t\t\n\t\t\t<p class=\"text\" >Une ressource unique pour l'assistance et la surveillance du r\u00e9seau 24 heures sur 24 et 7 jours sur 7.    <\/p>\t\t\t\t\t\t\t<a href=\"http:\/\/getpremier.net\/fr\/managed-services\/\" class=\"more-button\" >G\u00e9rez <i><\/i><\/a>\n\t\t\t\t\t<\/div>\n\t\t<\/div><\/div><\/div><div id=\"pg-29-1\"  class=\"panel-grid panel-no-style\" ><div id=\"pgc-29-1-0\"  class=\"panel-grid-cell\" ><div id=\"panel-29-1-0-0\" class=\"so-panel widget widget_sow-image panel-first-child panel-last-child\" data-index=\"3\" ><div\n\t\t\t\n\t\t\tclass=\"so-widget-sow-image so-widget-sow-image-default-8b5b6f678277-29\"\n\t\t\t\n\t\t>\n<div class=\"sow-image-container\">\n\t\t<img \n\tsrc=\"https:\/\/getpremier.net\/wp-content\/uploads\/2015\/08\/ourcustomers-e1440428000819.png\" width=\"386\" height=\"100\" sizes=\"(max-width: 386px) 100vw, 386px\" title=\"ourcustomers\" alt=\"\" \t\tclass=\"so-widget-image\"\/>\n\t<\/div>\n\n<\/div><\/div><\/div><div id=\"pgc-29-1-1\"  class=\"panel-grid-cell panel-grid-cell-mobile-last\" ><div id=\"panel-29-1-1-0\" class=\"so-panel widget widget_text panel-first-child panel-last-child\" data-index=\"4\" >\t\t\t<div class=\"textwidget\"><p>Plusieurs organisations quotidiennes d\u00e9pendent de nous pour concevoir, d\u00e9ployer et g\u00e9rer leur infrastructure technologique. Laissez Premier r\u00e9soudre vos probl\u00e8mes de ressources et de technologie. <\/p>\n<\/div>\n\t\t<\/div><\/div><div id=\"pgc-29-1-2\"  class=\"panel-grid-cell panel-grid-cell-empty\" ><\/div><\/div><div id=\"pg-29-2\"  class=\"panel-grid panel-has-style\" ><div class=\"wide-grey panel-row-style panel-row-style-for-29-2\" style=\"background-color: #e0e0e0; \" ><div id=\"pgc-29-2-0\"  class=\"panel-grid-cell\" ><div id=\"panel-29-2-0-0\" class=\"so-panel widget widget_text panel-first-child panel-last-child\" data-index=\"5\" ><div class=\"panel-widget-style panel-widget-style-for-29-2-0-0\" >\t\t\t<div class=\"textwidget\"> <ul style=\"list-style-type:none\">\n  <li><a href=\"http:\/\/getpremier.net\/fr\/solutions\/\">Solutions<\/a> <\/li>\n  <li><a href=\"http:\/\/getpremier.net\/fr\/industries\/\">Industries<\/a> <\/li>\n  <li><a href=\"http:\/\/getpremier.net\/fr\/about\/\">\u00c0 propos<\/a> <\/li>\n<li><a href=\"http:\/\/getpremier.net\/fr\/contact\/\">Nous contactez<\/a> <\/li>\n<li><a href=\"http:\/\/getpremier.net\/fr\/terms-conditions\/\">Modalit\u00e9s et conditions<\/a> <\/li>\n<\/ul> \n \n\n<\/div>\n\t\t<\/div><\/div><\/div><div id=\"pgc-29-2-1\"  class=\"panel-grid-cell\" ><div id=\"panel-29-2-1-0\" class=\"so-panel widget widget_text panel-first-child panel-last-child\" data-index=\"6\" >\t\t\t<div class=\"textwidget\"> <ul style=\"list-style-type:none\">\n  <li><a href=\"http:\/\/getpremier.net\/fr\/hospitality\/\">Les solutions et les services pour le secteur de l'hospitalit\u00e9<\/a> <\/li>\n  <li><a href=\"http:\/\/getpremier.net\/fr\/retail\/\">Les solutions et les services pour le commerce de d\u00e9tail<\/a> <\/li>\n  <li><a href=\"http:\/\/getpremier.net\/fr\/broadcast-media\/\">Diffusion et m\u00e9dias<\/a> <\/li>\n<li><a href=\"http:\/\/getpremier.net\/fr\/transportation\/\">Solutions de transport int\u00e9gr\u00e9es dans les v\u00e9hicules<\/a> <\/li>\n <li><a href=\"http:\/\/getpremier.net\/fr\/oil-gas\/\">P\u00e9trole et gaz<\/a> <\/li>\n <li><a href=\"http:\/\/getpremier.net\/fr\/financial\/\">Financier<\/a> <\/li>\n<\/ul> <\/div>\n\t\t<\/div><\/div><div id=\"pgc-29-2-2\"  class=\"panel-grid-cell panel-grid-cell-empty panel-grid-cell-mobile-last\" ><\/div><div id=\"pgc-29-2-3\"  class=\"panel-grid-cell panel-grid-cell-empty\" ><\/div><\/div><\/div><\/div>","protected":false},"excerpt":{"rendered":"<p>Plusieurs organisations quotidiennes d\u00e9pendent de nous pour concevoir, d\u00e9ployer et g\u00e9rer leur infrastructure technologique. Laissez Premier r\u00e9soudre vos probl\u00e8mes de ressources et de technologie.<\/p>","protected":false},"author":1,"featured_media":0,"parent":0,"menu_order":0,"comment_status":"closed","ping_status":"closed","template":"home-panels.php","meta":{"footnotes":""},"class_list":["post-29","page","type-page","status-publish","hentry","post"],"_links":{"self":[{"href":"https:\/\/getpremier.net\/fr\/wp-json\/wp\/v2\/pages\/29","targetHints":{"allow":["GET"]}}],"collection":[{"href":"https:\/\/getpremier.net\/fr\/wp-json\/wp\/v2\/pages"}],"about":[{"href":"https:\/\/getpremier.net\/fr\/wp-json\/wp\/v2\/types\/page"}],"author":[{"embeddable":true,"href":"https:\/\/getpremier.net\/fr\/wp-json\/wp\/v2\/users\/1"}],"replies":[{"embeddable":true,"href":"https:\/\/getpremier.net\/fr\/wp-json\/wp\/v2\/comments?post=29"}],"version-history":[{"count":1,"href":"https:\/\/getpremier.net\/fr\/wp-json\/wp\/v2\/pages\/29\/revisions"}],"predecessor-version":[{"id":328,"href":"https:\/\/getpremier.net\/fr\/wp-json\/wp\/v2\/pages\/29\/revisions\/328"}],"wp:attachment":[{"href":"https:\/\/getpremier.net\/fr\/wp-json\/wp\/v2\/media?parent=29"}],"curies":[{"name":"wp","href":"https:\/\/api.w.org\/{rel}","templated":true}]}}