{"id":265,"date":"2015-09-15T17:38:08","date_gmt":"2015-09-15T17:38:08","guid":{"rendered":"http:\/\/getpremier.net\/?page_id=265"},"modified":"2015-09-22T15:35:22","modified_gmt":"2015-09-22T15:35:22","slug":"premier-connects-monitoring-stations-to-wireless-cloud","status":"publish","type":"page","link":"https:\/\/getpremier.net\/fr\/premier-connects-monitoring-stations-to-wireless-cloud\/","title":{"rendered":"Premier connecte les stations de surveillance \u00e0 un cloud sans fil"},"content":{"rendered":"<div id=\"pl-265\"  class=\"panel-layout\" ><div id=\"pg-265-0\"  class=\"panel-grid panel-no-style\" ><div id=\"pgc-265-0-0\"  class=\"panel-grid-cell\" ><div id=\"panel-265-0-0-0\" class=\"so-panel widget widget_sow-image panel-first-child panel-last-child\" data-index=\"0\" ><div\n\t\t\t\n\t\t\tclass=\"so-widget-sow-image so-widget-sow-image-default-dbf295114b96-265\"\n\t\t\t\n\t\t>\n<div class=\"sow-image-container\">\n\t\t<img \n\tsrc=\"https:\/\/getpremier.net\/wp-content\/uploads\/2015\/09\/moecc.jpg\" width=\"640\" height=\"250\" srcset=\"https:\/\/getpremier.net\/wp-content\/uploads\/2015\/09\/moecc.jpg 640w, https:\/\/getpremier.net\/wp-content\/uploads\/2015\/09\/moecc-300x117.jpg 300w\" sizes=\"(max-width: 640px) 100vw, 640px\" alt=\"\" \t\tclass=\"so-widget-image\"\/>\n\t<\/div>\n\n<\/div><\/div><\/div><\/div><div id=\"pg-265-1\"  class=\"panel-grid panel-no-style\" ><div id=\"pgc-265-1-0\"  class=\"panel-grid-cell\" ><div id=\"panel-265-1-0-0\" class=\"so-panel widget widget_black-studio-tinymce widget_black_studio_tinymce panel-first-child panel-last-child\" data-index=\"1\" ><div class=\"textwidget\"><h4 style=\"text-align: justify;\">Le minist\u00e8re de l'environnement et du climat de l'Ontario (MOECC) est charg\u00e9 de promouvoir un air propre et s\u00e9curitaire pour les Ontariens. Premier a aid\u00e9 le MOECC \u00e0 migrer son r\u00e9seau de donn\u00e9es vers un r\u00e9seau \u00e9tendu WAN sans fil.<a href=\"http:\/\/getpremier.net\/wp-content\/uploads\/2015\/09\/wirelessWAN.jpg\"><img loading=\"lazy\" decoding=\"async\" class=\"size-medium wp-image-290 alignright\" src=\"http:\/\/getpremier.net\/wp-content\/uploads\/2015\/09\/wirelessWAN-300x270.jpg\" alt=\"wirelessWAN\" width=\"300\" height=\"270\" srcset=\"https:\/\/getpremier.net\/wp-content\/uploads\/2015\/09\/wirelessWAN-300x270.jpg 300w, https:\/\/getpremier.net\/wp-content\/uploads\/2015\/09\/wirelessWAN.jpg 543w\" sizes=\"auto, (max-width: 300px) 100vw, 300px\" \/><\/a><\/h4>\n<p style=\"text-align: justify;\">Le MOECC met en \u0153uvre un r\u00e9seau de stations de surveillance de l'air qui collectent des donn\u00e9es sur la pollution atmosph\u00e9rique en temps r\u00e9el. Ces informations sont mises \u00e0 la disposition du public sur le site Web de l'agence. Lorsque le moment est venu de mettre \u00e0 niveau le r\u00e9seau de donn\u00e9es de ces stations, le MOECC a choisi Premier pour fournir un syst\u00e8me int\u00e9gr\u00e9 WAN c\u00e2bl\u00e9 et sans fil. Premier a \u00e9t\u00e9 en mesure de regrouper un syst\u00e8me qui a permis au MOECC de d\u00e9ployer un WAN sans fil qui peut \u00eatre surveill\u00e9 et contr\u00f4l\u00e9 \u00e0 distance, r\u00e9duisant ainsi les visites sur site et permettant un entretien sans contact. La mise \u00e0 jour du r\u00e9seau a r\u00e9duit les co\u00fbts d'exploitation et de connectivit\u00e9, si bien que le MOECC a maintenant mis en \u0153uvre la solution dans l'ensemble de son r\u00e9seau de stations. Livr\u00e9 et d\u00e9ploy\u00e9 \u00e0 temps par Premier Solutions.<\/p>\n<p>Copyright 2014 Premier Wireless Solutions Inc. Tous droits r\u00e9serv\u00e9s. Tous les noms de marque et de produit sont des marques ou des noms commerciaux de leurs d\u00e9tenteurs respectifs.<\/p>\n<\/div><\/div><\/div><\/div><div id=\"pg-265-2\"  class=\"panel-grid panel-has-style\" ><div style=\"background-color: #b2b2b2; \" class=\"panel-row-style panel-row-style-for-265-2\" ><div id=\"pgc-265-2-0\"  class=\"panel-grid-cell panel-grid-cell-empty\" ><\/div><\/div><\/div><\/div>","protected":false},"excerpt":{"rendered":"<p>The Ministry of Environment and Climate Control is responsible for promoting clean and safe air for Ontarians, Premier helped MOECC migrate their data network to a wireless WAN.The Ministry of Environment and Climate Control implements a network of air monitoring stations that collect real-time air pollution data. This information is made available to the public [&hellip;]<\/p>\n","protected":false},"author":1,"featured_media":0,"parent":0,"menu_order":0,"comment_status":"closed","ping_status":"closed","template":"","meta":{"footnotes":""},"class_list":["post-265","page","type-page","status-publish","hentry","post"],"_links":{"self":[{"href":"https:\/\/getpremier.net\/fr\/wp-json\/wp\/v2\/pages\/265","targetHints":{"allow":["GET"]}}],"collection":[{"href":"https:\/\/getpremier.net\/fr\/wp-json\/wp\/v2\/pages"}],"about":[{"href":"https:\/\/getpremier.net\/fr\/wp-json\/wp\/v2\/types\/page"}],"author":[{"embeddable":true,"href":"https:\/\/getpremier.net\/fr\/wp-json\/wp\/v2\/users\/1"}],"replies":[{"embeddable":true,"href":"https:\/\/getpremier.net\/fr\/wp-json\/wp\/v2\/comments?post=265"}],"version-history":[{"count":1,"href":"https:\/\/getpremier.net\/fr\/wp-json\/wp\/v2\/pages\/265\/revisions"}],"predecessor-version":[{"id":293,"href":"https:\/\/getpremier.net\/fr\/wp-json\/wp\/v2\/pages\/265\/revisions\/293"}],"wp:attachment":[{"href":"https:\/\/getpremier.net\/fr\/wp-json\/wp\/v2\/media?parent=265"}],"curies":[{"name":"wp","href":"https:\/\/api.w.org\/{rel}","templated":true}]}}