{"id":255,"date":"2015-09-11T18:25:13","date_gmt":"2015-09-11T18:25:13","guid":{"rendered":"http:\/\/getpremier.net\/?page_id=255"},"modified":"2015-09-22T16:11:27","modified_gmt":"2015-09-22T16:11:27","slug":"national-rail-company-picks-premier-to-connect-rail-yards-to-the-internet","status":"publish","type":"page","link":"https:\/\/getpremier.net\/fr\/national-rail-company-picks-premier-to-connect-rail-yards-to-the-internet\/","title":{"rendered":"Une compagnie ferroviaire nationale demande Premier de connecter ses gares ferroviaires \u00e0 l'Internet"},"content":{"rendered":"<div id=\"pl-255\"  class=\"panel-layout\" ><div id=\"pg-255-0\"  class=\"panel-grid panel-no-style\" ><div id=\"pgc-255-0-0\"  class=\"panel-grid-cell\" ><div id=\"panel-255-0-0-0\" class=\"so-panel widget widget_sow-image panel-first-child panel-last-child\" data-index=\"0\" ><div\n\t\t\t\n\t\t\tclass=\"so-widget-sow-image so-widget-sow-image-default-dbf295114b96-255\"\n\t\t\t\n\t\t>\n<div class=\"sow-image-container\">\n\t\t<img \n\tsrc=\"https:\/\/getpremier.net\/wp-content\/uploads\/2015\/09\/cn.jpg\" width=\"640\" height=\"250\" srcset=\"https:\/\/getpremier.net\/wp-content\/uploads\/2015\/09\/cn.jpg 640w, https:\/\/getpremier.net\/wp-content\/uploads\/2015\/09\/cn-300x117.jpg 300w\" sizes=\"(max-width: 640px) 100vw, 640px\" alt=\"\" \t\tclass=\"so-widget-image\"\/>\n\t<\/div>\n\n<\/div><\/div><\/div><\/div><div id=\"pg-255-1\"  class=\"panel-grid panel-no-style\" ><div id=\"pgc-255-1-0\"  class=\"panel-grid-cell\" ><div id=\"panel-255-1-0-0\" class=\"so-panel widget widget_black-studio-tinymce widget_black_studio_tinymce panel-first-child panel-last-child\" data-index=\"1\" ><div class=\"textwidget\"><h4 style=\"text-align: justify;\">La compagnie des chemins de fer nationaux du Canada (CN) est le plus grand chemin de fer du Canada. Lorsque le CN a voulu fournir une connectivit\u00e9 de donn\u00e9es rapide \u00e0 ses centres de maintien, il s'est adress\u00e9 \u00e0 Premier pour d\u00e9ployer et fournir une solution.<a href=\"http:\/\/getpremier.net\/wp-content\/uploads\/2015\/09\/m2m.jpg\"><img loading=\"lazy\" decoding=\"async\" class=\"size-medium wp-image-294 alignright\" src=\"http:\/\/getpremier.net\/wp-content\/uploads\/2015\/09\/m2m-300x240.jpg\" alt=\"m2m\" width=\"300\" height=\"240\" srcset=\"https:\/\/getpremier.net\/wp-content\/uploads\/2015\/09\/m2m-300x240.jpg 300w, https:\/\/getpremier.net\/wp-content\/uploads\/2015\/09\/m2m.jpg 588w\" sizes=\"auto, (max-width: 300px) 100vw, 300px\" \/><\/a><\/h4>\n<p style=\"text-align: justify;\">Le d\u00e9fi consistait \u00e0 rationaliser et \u00e0 simplifier un d\u00e9ploiement national dans le cadre des activit\u00e9s d'une grande entreprise. La solution a consist\u00e9 \u00e0 d\u00e9velopper une offre group\u00e9e de services pour leur d\u00e9partement informatique, qui leur permettait de commander une connectivit\u00e9 rapide pour leurs centres selon leurs besoins. Cette offre incluait des services g\u00e9r\u00e9s, une assistance 24 heures sur 24 et 7 jour sur 7, des autorisations logicielles, de  l'\u00e9quipement, ainsi que des services de d\u00e9ploiement et de livraison sur site. La solution originale consistait \u00e0 fournir une connectivit\u00e9 aux appareils terminaux qui avaient besoin de donn\u00e9es provenant de services en 'cloud' pour fonctionner correctement. Cependant, l'offre group\u00e9e de connectivit\u00e9 est devenue un moyen populaire de fournir une connectivit\u00e9 de donn\u00e9es rapide et facilement disponible dans les gares de triage o\u00f9 les d\u00e9ploiements filaires peuvent prendre des mois. Livr\u00e9 et g\u00e9r\u00e9 dans tout le pays par Premier.<\/p>\n<p style=\"text-align: justify;\">Copyright 2014 Premier Wireless Solutions Inc. Tous droits r\u00e9serv\u00e9s. Tous les noms de marque et de produit sont des marques ou des noms commerciaux de leurs d\u00e9tenteurs respectifs.<\/p>\n<\/div><\/div><\/div><\/div><div id=\"pg-255-2\"  class=\"panel-grid panel-has-style\" ><div style=\"background-color: #b2b2b2; \" class=\"panel-row-style panel-row-style-for-255-2\" ><div id=\"pgc-255-2-0\"  class=\"panel-grid-cell panel-grid-cell-empty\" ><\/div><\/div><\/div><\/div>","protected":false},"excerpt":{"rendered":"<p>Canadian National Railway (CN) is Canada&#8217;s largest railway. When CN wanted to provide fast data connectivity to their maintenance centers they turned to Premier to deploy and deliver a solution.The challenge was to streamline and simplify a nationwide deployment within the processes of a large organization. The solution was to develop a service bundle for [&hellip;]<\/p>\n","protected":false},"author":1,"featured_media":0,"parent":0,"menu_order":0,"comment_status":"closed","ping_status":"closed","template":"","meta":{"footnotes":""},"class_list":["post-255","page","type-page","status-publish","hentry","post"],"_links":{"self":[{"href":"https:\/\/getpremier.net\/fr\/wp-json\/wp\/v2\/pages\/255","targetHints":{"allow":["GET"]}}],"collection":[{"href":"https:\/\/getpremier.net\/fr\/wp-json\/wp\/v2\/pages"}],"about":[{"href":"https:\/\/getpremier.net\/fr\/wp-json\/wp\/v2\/types\/page"}],"author":[{"embeddable":true,"href":"https:\/\/getpremier.net\/fr\/wp-json\/wp\/v2\/users\/1"}],"replies":[{"embeddable":true,"href":"https:\/\/getpremier.net\/fr\/wp-json\/wp\/v2\/comments?post=255"}],"version-history":[{"count":2,"href":"https:\/\/getpremier.net\/fr\/wp-json\/wp\/v2\/pages\/255\/revisions"}],"predecessor-version":[{"id":296,"href":"https:\/\/getpremier.net\/fr\/wp-json\/wp\/v2\/pages\/255\/revisions\/296"}],"wp:attachment":[{"href":"https:\/\/getpremier.net\/fr\/wp-json\/wp\/v2\/media?parent=255"}],"curies":[{"name":"wp","href":"https:\/\/api.w.org\/{rel}","templated":true}]}}