{"id":237,"date":"2015-09-11T14:01:39","date_gmt":"2015-09-11T14:01:39","guid":{"rendered":"http:\/\/getpremier.net\/?page_id=237"},"modified":"2015-09-24T15:06:34","modified_gmt":"2015-09-24T15:06:34","slug":"transport-company-requires-custom-cabling","status":"publish","type":"page","link":"https:\/\/getpremier.net\/fr\/transport-company-requires-custom-cabling\/","title":{"rendered":"Une entreprise de transport a besoin d'un c\u00e2blage personnalis\u00e9 pour la connectivit\u00e9 en cabine."},"content":{"rendered":"<div id=\"pl-237\"  class=\"panel-layout\" ><div id=\"pg-237-0\"  class=\"panel-grid panel-no-style\" ><div id=\"pgc-237-0-0\"  class=\"panel-grid-cell\" ><div id=\"panel-237-0-0-0\" class=\"so-panel widget widget_sow-image panel-first-child panel-last-child\" data-index=\"0\" ><div\n\t\t\t\n\t\t\tclass=\"so-widget-sow-image so-widget-sow-image-default-dbf295114b96-237\"\n\t\t\t\n\t\t>\n<div class=\"sow-image-container\">\n\t\t<img \n\tsrc=\"https:\/\/getpremier.net\/wp-content\/uploads\/2015\/09\/beck.jpg\" width=\"640\" height=\"250\" srcset=\"https:\/\/getpremier.net\/wp-content\/uploads\/2015\/09\/beck.jpg 640w, https:\/\/getpremier.net\/wp-content\/uploads\/2015\/09\/beck-300x117.jpg 300w\" sizes=\"(max-width: 640px) 100vw, 640px\" alt=\"\" \t\tclass=\"so-widget-image\"\/>\n\t<\/div>\n\n<\/div><\/div><\/div><\/div><div id=\"pg-237-1\"  class=\"panel-grid panel-no-style\" ><div id=\"pgc-237-1-0\"  class=\"panel-grid-cell\" ><div id=\"panel-237-1-0-0\" class=\"so-panel widget widget_black-studio-tinymce widget_black_studio_tinymce panel-first-child panel-last-child\" data-index=\"1\" ><div class=\"textwidget\"><h4 style=\"text-align: justify;\"><strong>Lorsque Beck a voulu moderniser son \u00e9quipement de connectivit\u00e9 en cabine, il s'est adress\u00e9 \u00e0 Premier pour \u00e9laborer une solution de c\u00e2blage \u00e9lectrique. <\/strong><\/h4>\n<p style=\"text-align: justify;\">Premier avait fourni la solution originale de connectivit\u00e9 \u00e0 bord des v\u00e9hicules, qui comprenait un modem de localisation sans fil. Cette solution avait une seule fonction, celle de fournir des services de localisation aux r\u00e9partiteurs. Ce que Beck recherchait dans sa mise \u00e0 jour, c'\u00e9tait une solution qui permettait des services de localisation mais qui fournissait \u00e9galement des informations suppl\u00e9mentaires sur le conducteur. Une tablette fonctionnant sous Android et connect\u00e9e \u00e0 la source d'alimentation du v\u00e9hicule \u00e9tait la solution. Le d\u00e9fi \u00e9tait d'alimenter la tablette sans cr\u00e9er de conditions de faible voltage (brown outs). Premier a pu concevoir un c\u00e2ble personnalis\u00e9 et livrer des milliers de c\u00e2bles en quelques semaines.<\/p>\n<p style=\"text-align: justify;\">Copyright 2014 Premier Wireless Solutions Inc. Tous droits r\u00e9serv\u00e9s. Tous les noms de marque et de produit sont des marques ou des noms commerciaux de leurs d\u00e9tenteurs respectifs.<\/p>\n<\/div><\/div><\/div><\/div><div id=\"pg-237-2\"  class=\"panel-grid panel-has-style\" ><div style=\"background-color: #b2b2b2; \" class=\"panel-row-style panel-row-style-for-237-2\" ><div id=\"pgc-237-2-0\"  class=\"panel-grid-cell panel-grid-cell-empty\" ><\/div><\/div><\/div><\/div>","protected":false},"excerpt":{"rendered":"<p>When Beck wanted to upgrade their in-cab connectivity hardware they turned to Premier to design a power cabling solution. Premier had provided the original in-vehicle connectivity solution that included a wireless tracking modem. This solution had a single function and that was to provide location services to dispatchers. What Beck was looking for in their [&hellip;]<\/p>\n","protected":false},"author":1,"featured_media":0,"parent":0,"menu_order":0,"comment_status":"closed","ping_status":"closed","template":"","meta":{"footnotes":""},"class_list":["post-237","page","type-page","status-publish","hentry","post"],"_links":{"self":[{"href":"https:\/\/getpremier.net\/fr\/wp-json\/wp\/v2\/pages\/237","targetHints":{"allow":["GET"]}}],"collection":[{"href":"https:\/\/getpremier.net\/fr\/wp-json\/wp\/v2\/pages"}],"about":[{"href":"https:\/\/getpremier.net\/fr\/wp-json\/wp\/v2\/types\/page"}],"author":[{"embeddable":true,"href":"https:\/\/getpremier.net\/fr\/wp-json\/wp\/v2\/users\/1"}],"replies":[{"embeddable":true,"href":"https:\/\/getpremier.net\/fr\/wp-json\/wp\/v2\/comments?post=237"}],"version-history":[{"count":1,"href":"https:\/\/getpremier.net\/fr\/wp-json\/wp\/v2\/pages\/237\/revisions"}],"predecessor-version":[{"id":252,"href":"https:\/\/getpremier.net\/fr\/wp-json\/wp\/v2\/pages\/237\/revisions\/252"}],"wp:attachment":[{"href":"https:\/\/getpremier.net\/fr\/wp-json\/wp\/v2\/media?parent=237"}],"curies":[{"name":"wp","href":"https:\/\/api.w.org\/{rel}","templated":true}]}}