{"id":230,"date":"2015-09-09T13:12:30","date_gmt":"2015-09-09T13:12:30","guid":{"rendered":"http:\/\/getpremier.net\/?page_id=230"},"modified":"2015-09-24T15:02:32","modified_gmt":"2015-09-24T15:02:32","slug":"major-accounting-firm-connects-field-auditors-to-data-center","status":"publish","type":"page","link":"https:\/\/getpremier.net\/fr\/major-accounting-firm-connects-field-auditors-to-data-center\/","title":{"rendered":"Un cabinet de comptable d'expertise rejoint les auditeurs sur le terrain au centre de donn\u00e9es"},"content":{"rendered":"<div id=\"pl-230\"  class=\"panel-layout\" ><div id=\"pg-230-0\"  class=\"panel-grid panel-no-style\" ><div id=\"pgc-230-0-0\"  class=\"panel-grid-cell\" ><div id=\"panel-230-0-0-0\" class=\"so-panel widget widget_sow-image panel-first-child panel-last-child\" data-index=\"0\" ><div\n\t\t\t\n\t\t\tclass=\"so-widget-sow-image so-widget-sow-image-default-dbf295114b96-230\"\n\t\t\t\n\t\t>\n<div class=\"sow-image-container\">\n\t\t<img \n\tsrc=\"https:\/\/getpremier.net\/wp-content\/uploads\/2015\/09\/kpmg.jpg\" width=\"640\" height=\"250\" srcset=\"https:\/\/getpremier.net\/wp-content\/uploads\/2015\/09\/kpmg.jpg 640w, https:\/\/getpremier.net\/wp-content\/uploads\/2015\/09\/kpmg-300x117.jpg 300w\" sizes=\"(max-width: 640px) 100vw, 640px\" alt=\"\" \t\tclass=\"so-widget-image\"\/>\n\t<\/div>\n\n<\/div><\/div><\/div><\/div><div id=\"pg-230-1\"  class=\"panel-grid panel-no-style\" ><div id=\"pgc-230-1-0\"  class=\"panel-grid-cell\" ><div id=\"panel-230-1-0-0\" class=\"so-panel widget widget_black-studio-tinymce widget_black_studio_tinymce panel-first-child panel-last-child\" data-index=\"1\" ><div class=\"textwidget\"><h5 style=\"text-align: justify;\">Lorsque KPMG a voulu connecter ses auditeurs sur le terrain \u00e0 son centre de donn\u00e9es, il s'est adress\u00e9 \u00e0 Premier pour d\u00e9velopper une solution de connectivit\u00e9 mobile.<\/h5>\n<p style=\"text-align: justify;\">Le client recherchait une solution \u00e0 haut d\u00e9bit qui permettrait \u00e0 ses auditeurs de se connecter \u00e0 son centre de donn\u00e9es \u00e0 tout moment. Cela signifiait qu'ils ne pouvaient pas compter sur un r\u00e9seau local. Ils exigeaient \u00e9galement que la connexion soit s\u00e9curis\u00e9e et qu'il ne soit pas possible de se connecter sur l'Internet public. Premier a \u00e9t\u00e9 en mesure de d\u00e9velopper un ensemble de connectivit\u00e9 pour leur personnel qui comprenait une connexion VPN s\u00e9curis\u00e9e \u00e0 leur centre de donn\u00e9es. L'offre comprenait un routeur sans fil et \u00e9quip\u00e9 d'une connectivit\u00e9 LTE, d'un support VPN et d'une capacit\u00e9 Ethernet c\u00e2bl\u00e9e.<\/p>\n<p style=\"text-align: justify;\">Copyright 2014 Premier Wireless Solutions Inc. Tous droits r\u00e9serv\u00e9s. Tous les noms de marque et de produit sont des marques ou des noms commerciaux de leurs d\u00e9tenteurs respectifs.<\/p>\n<\/div><\/div><\/div><\/div><div id=\"pg-230-2\"  class=\"panel-grid panel-has-style\" ><div style=\"background-color: #b2b2b2; \" class=\"panel-row-style panel-row-style-for-230-2\" ><div id=\"pgc-230-2-0\"  class=\"panel-grid-cell panel-grid-cell-empty\" ><\/div><\/div><\/div><\/div>","protected":false},"excerpt":{"rendered":"<p>When KPMG wanted to connect their field auditors to their data center they turned to Premier to develop a mobile connectivity solution.The customer was looking for a high speed solution that would allow their auditors to connect to their data center at any moment&#8217;s notice. This meant that they could not rely on any local [&hellip;]<\/p>\n","protected":false},"author":1,"featured_media":0,"parent":0,"menu_order":0,"comment_status":"closed","ping_status":"closed","template":"","meta":{"footnotes":""},"class_list":["post-230","page","type-page","status-publish","hentry","post"],"_links":{"self":[{"href":"https:\/\/getpremier.net\/fr\/wp-json\/wp\/v2\/pages\/230","targetHints":{"allow":["GET"]}}],"collection":[{"href":"https:\/\/getpremier.net\/fr\/wp-json\/wp\/v2\/pages"}],"about":[{"href":"https:\/\/getpremier.net\/fr\/wp-json\/wp\/v2\/types\/page"}],"author":[{"embeddable":true,"href":"https:\/\/getpremier.net\/fr\/wp-json\/wp\/v2\/users\/1"}],"replies":[{"embeddable":true,"href":"https:\/\/getpremier.net\/fr\/wp-json\/wp\/v2\/comments?post=230"}],"version-history":[{"count":1,"href":"https:\/\/getpremier.net\/fr\/wp-json\/wp\/v2\/pages\/230\/revisions"}],"predecessor-version":[{"id":297,"href":"https:\/\/getpremier.net\/fr\/wp-json\/wp\/v2\/pages\/230\/revisions\/297"}],"wp:attachment":[{"href":"https:\/\/getpremier.net\/fr\/wp-json\/wp\/v2\/media?parent=230"}],"curies":[{"name":"wp","href":"https:\/\/api.w.org\/{rel}","templated":true}]}}