{"id":221,"date":"2015-09-04T16:33:08","date_gmt":"2015-09-04T16:33:08","guid":{"rendered":"http:\/\/getpremier.net\/?page_id=221"},"modified":"2015-09-24T15:03:18","modified_gmt":"2015-09-24T15:03:18","slug":"major-bank-uses-premier-to-architect-digital-signage-network","status":"publish","type":"page","link":"https:\/\/getpremier.net\/fr\/major-bank-uses-premier-to-architect-digital-signage-network\/","title":{"rendered":"Une banque renomm\u00e9e utilise Premier pour architecturer son r\u00e9seau d'affichage digitale."},"content":{"rendered":"<div id=\"pl-221\"  class=\"panel-layout\" ><div id=\"pg-221-0\"  class=\"panel-grid panel-no-style\" ><div id=\"pgc-221-0-0\"  class=\"panel-grid-cell\" ><div id=\"panel-221-0-0-0\" class=\"so-panel widget widget_sow-image panel-first-child panel-last-child\" data-index=\"0\" ><div\n\t\t\t\n\t\t\tclass=\"so-widget-sow-image so-widget-sow-image-default-dbf295114b96-221\"\n\t\t\t\n\t\t>\n<div class=\"sow-image-container\">\n\t\t<img \n\tsrc=\"https:\/\/getpremier.net\/wp-content\/uploads\/2015\/09\/kiosk.jpg\" width=\"640\" height=\"250\" srcset=\"https:\/\/getpremier.net\/wp-content\/uploads\/2015\/09\/kiosk.jpg 640w, https:\/\/getpremier.net\/wp-content\/uploads\/2015\/09\/kiosk-300x117.jpg 300w\" sizes=\"(max-width: 640px) 100vw, 640px\" alt=\"\" \t\tclass=\"so-widget-image\"\/>\n\t<\/div>\n\n<\/div><\/div><\/div><\/div><div id=\"pg-221-1\"  class=\"panel-grid panel-no-style\" ><div id=\"pgc-221-1-0\"  class=\"panel-grid-cell\" ><div id=\"panel-221-1-0-0\" class=\"so-panel widget widget_black-studio-tinymce widget_black_studio_tinymce panel-first-child panel-last-child\" data-index=\"1\" ><div class=\"textwidget\"><h5 style=\"text-align: justify;\">Lorsque le bureau de marketing d'une banque de renom a voulu ajouter des kiosques d'information num\u00e9riques dans ses succursales, il s'est adress\u00e9 \u00e0 Premier pour concevoir une solution.<\/h5>\n<p style=\"text-align: justify;\">Le d\u00e9fi consistait \u00e0 contourner le r\u00e9seau de communication existant de la branche. D'un point de vue op\u00e9rationnel, un r\u00e9seau qui allait \u00eatre utilis\u00e9 strictement \u00e0 des fins de marketing \u00e9tait consid\u00e9r\u00e9 par le bureau du COO comme un risque de s\u00e9curit\u00e9 inutile. Dans le m\u00eame temps, le service marketing souhaitait disposer d'un moyen de contr\u00f4ler ce r\u00e9seau \u00e0 distance. La solution a consist\u00e9 \u00e0 superposer un r\u00e9seau ind\u00e9pendant en \u00e9vitant compl\u00e8tement le r\u00e9seau de succursales existant. Pour \u00e9viter les co\u00fbts de c\u00e2blage suppl\u00e9mentaire ou de connexion \u00e0 une infrastructure existante, Premier a propos\u00e9 un r\u00e9seau sans fil \u00e0 haut d\u00e9bit.<\/p>\n<p style=\"text-align: justify;\">Copyright 2014 Premier Wireless Solutions Inc. Tous droits r\u00e9serv\u00e9s. Tous les noms de marque et de produit sont des marques ou des noms commerciaux de leurs d\u00e9tenteurs respectifs.<\/p>\n<\/div><\/div><\/div><\/div><div id=\"pg-221-2\"  class=\"panel-grid panel-has-style\" ><div style=\"background-color: #b2b2b2; \" class=\"panel-row-style panel-row-style-for-221-2\" ><div id=\"pgc-221-2-0\"  class=\"panel-grid-cell panel-grid-cell-empty\" ><\/div><\/div><\/div><\/div>","protected":false},"excerpt":{"rendered":"<p>When the marketing office of a major bank wanted to add digital information kiosks in their branches they turned to Premier to design a solution.The challenge was to circumvent the existing branch communication network. Operationally a network that was going to be used strictly for marketing purposes was viewed by the COO office as an [&hellip;]<\/p>\n","protected":false},"author":1,"featured_media":0,"parent":0,"menu_order":0,"comment_status":"closed","ping_status":"closed","template":"","meta":{"footnotes":""},"class_list":["post-221","page","type-page","status-publish","hentry","post"],"_links":{"self":[{"href":"https:\/\/getpremier.net\/fr\/wp-json\/wp\/v2\/pages\/221","targetHints":{"allow":["GET"]}}],"collection":[{"href":"https:\/\/getpremier.net\/fr\/wp-json\/wp\/v2\/pages"}],"about":[{"href":"https:\/\/getpremier.net\/fr\/wp-json\/wp\/v2\/types\/page"}],"author":[{"embeddable":true,"href":"https:\/\/getpremier.net\/fr\/wp-json\/wp\/v2\/users\/1"}],"replies":[{"embeddable":true,"href":"https:\/\/getpremier.net\/fr\/wp-json\/wp\/v2\/comments?post=221"}],"version-history":[{"count":1,"href":"https:\/\/getpremier.net\/fr\/wp-json\/wp\/v2\/pages\/221\/revisions"}],"predecessor-version":[{"id":298,"href":"https:\/\/getpremier.net\/fr\/wp-json\/wp\/v2\/pages\/221\/revisions\/298"}],"wp:attachment":[{"href":"https:\/\/getpremier.net\/fr\/wp-json\/wp\/v2\/media?parent=221"}],"curies":[{"name":"wp","href":"https:\/\/api.w.org\/{rel}","templated":true}]}}