{"id":21,"date":"2015-08-21T13:16:00","date_gmt":"2015-08-21T13:16:00","guid":{"rendered":"http:\/\/getpremier.net\/?page_id=21"},"modified":"2015-09-11T14:38:46","modified_gmt":"2015-09-11T14:38:46","slug":"industries","status":"publish","type":"page","link":"https:\/\/getpremier.net\/fr\/industries\/","title":{"rendered":"Industries"},"content":{"rendered":"<div id=\"pl-21\"  class=\"panel-layout\" ><div id=\"pg-21-0\"  class=\"panel-grid panel-no-style\" ><div id=\"pgc-21-0-0\"  class=\"panel-grid-cell\" ><div id=\"panel-21-0-0-0\" class=\"so-panel widget widget_text panel-first-child panel-last-child\" data-index=\"0\" >\t\t\t<div class=\"textwidget\">Que vous soyez dans l'industrie du transport ou dans les services financiers, lorsqu'il s'agit d'infrastructure technologique, il existe un objectif commun \u00e0 toutes les industries: le retour sur le capital investi. Premier dispose de l'expertise, de l'exp\u00e9rience et des solutions ind\u00e9pendantes de fournisseurs pour concevoir, d\u00e9ployer et g\u00e9rer les projets technologiques les plus complexes pour votre secteur et vous fournir le retour sur l'investissement dont vous avez besoin.<\/div>\n\t\t<\/div><\/div><\/div><div id=\"pg-21-1\"  class=\"panel-grid panel-no-style\" ><div id=\"pgc-21-1-0\"  class=\"panel-grid-cell\" ><div id=\"panel-21-1-0-0\" class=\"so-panel widget widget_circleicon-widget panel-first-child panel-last-child\" data-index=\"1\" >\t\t<div class=\"circle-icon-box circle-icon-position-top circle-icon-hide-box circle-icon-size-small\">\n\t\t\t<div class=\"circle-icon-wrapper\">\n\t\t\t\t\t\t\t\t<div class=\"circle-icon\" >\n\t\t\t\t\t<div class=\"fa fa-suitcase\" ><\/div>\t\t\t\t<\/div>\n\t\t\t\t\t\t\t<\/div>\n\n\t\t\t\t\t\t\t\t\t\n\t\t\t\t\t\t\t\t\t\t<a href=\"http:\/\/getpremier.net\/fr\/hospitality\/\" class=\"more-button\" >Hospitalit\u00e9 <i><\/i><\/a>\n\t\t\t\t\t<\/div>\n\t\t<\/div><\/div><div id=\"pgc-21-1-1\"  class=\"panel-grid-cell\" ><div id=\"panel-21-1-1-0\" class=\"so-panel widget widget_circleicon-widget panel-first-child panel-last-child\" data-index=\"2\" >\t\t<div class=\"circle-icon-box circle-icon-position-top circle-icon-hide-box circle-icon-size-small\">\n\t\t\t<div class=\"circle-icon-wrapper\">\n\t\t\t\t\t\t\t\t<div class=\"circle-icon\" >\n\t\t\t\t\t<div class=\"fa fa-credit-card\" ><\/div>\t\t\t\t<\/div>\n\t\t\t\t\t\t\t<\/div>\n\n\t\t\t\t\t\t\t\t\t\n\t\t\t\t\t\t\t\t\t\t<a href=\"http:\/\/getpremier.net\/fr\/retail\/\" class=\"more-button\" >Commerce de d\u00e9tail <i><\/i><\/a>\n\t\t\t\t\t<\/div>\n\t\t<\/div><\/div><div id=\"pgc-21-1-2\"  class=\"panel-grid-cell\" ><div id=\"panel-21-1-2-0\" class=\"so-panel widget widget_circleicon-widget panel-first-child panel-last-child\" data-index=\"3\" >\t\t<div class=\"circle-icon-box circle-icon-position-top circle-icon-hide-box circle-icon-size-small\">\n\t\t\t<div class=\"circle-icon-wrapper\">\n\t\t\t\t\t\t\t\t<div class=\"circle-icon\" >\n\t\t\t\t\t<div class=\"fa fa-dollar\" ><\/div>\t\t\t\t<\/div>\n\t\t\t\t\t\t\t<\/div>\n\n\t\t\t\t\t\t\t\t\t\n\t\t\t\t\t\t\t\t\t\t<a href=\"http:\/\/getpremier.net\/fr\/financial\/\" class=\"more-button\" >Financier <i><\/i><\/a>\n\t\t\t\t\t<\/div>\n\t\t<\/div><\/div><\/div><\/div>","protected":false},"excerpt":{"rendered":"<p>Whether your in the transport industry or financial services when it comes to technology infrastructure there is one common goal that every industry shares and that is return on invested capital. Premier has the expertise, experience and vendor independent solutions to design, deploy and mange the most complex technology projects for your industry and provide [&hellip;]<\/p>\n","protected":false},"author":1,"featured_media":0,"parent":0,"menu_order":0,"comment_status":"closed","ping_status":"closed","template":"","meta":{"footnotes":""},"class_list":["post-21","page","type-page","status-publish","hentry","post"],"_links":{"self":[{"href":"https:\/\/getpremier.net\/fr\/wp-json\/wp\/v2\/pages\/21","targetHints":{"allow":["GET"]}}],"collection":[{"href":"https:\/\/getpremier.net\/fr\/wp-json\/wp\/v2\/pages"}],"about":[{"href":"https:\/\/getpremier.net\/fr\/wp-json\/wp\/v2\/types\/page"}],"author":[{"embeddable":true,"href":"https:\/\/getpremier.net\/fr\/wp-json\/wp\/v2\/users\/1"}],"replies":[{"embeddable":true,"href":"https:\/\/getpremier.net\/fr\/wp-json\/wp\/v2\/comments?post=21"}],"version-history":[{"count":1,"href":"https:\/\/getpremier.net\/fr\/wp-json\/wp\/v2\/pages\/21\/revisions"}],"predecessor-version":[{"id":250,"href":"https:\/\/getpremier.net\/fr\/wp-json\/wp\/v2\/pages\/21\/revisions\/250"}],"wp:attachment":[{"href":"https:\/\/getpremier.net\/fr\/wp-json\/wp\/v2\/media?parent=21"}],"curies":[{"name":"wp","href":"https:\/\/api.w.org\/{rel}","templated":true}]}}