{"id":196,"date":"2015-09-01T17:10:27","date_gmt":"2015-09-01T17:10:27","guid":{"rendered":"http:\/\/getpremier.net\/?page_id=196"},"modified":"2015-09-24T15:01:24","modified_gmt":"2015-09-24T15:01:24","slug":"national-identification-agency-uses-premier-to-design-rfid-system","status":"publish","type":"page","link":"https:\/\/getpremier.net\/fr\/national-identification-agency-uses-premier-to-design-rfid-system\/","title":{"rendered":"Une agence d'identification nationale se tourne vers Premier pour concevoir un syst\u00e8me RFID."},"content":{"rendered":"<div id=\"pl-196\"  class=\"panel-layout\" ><div id=\"pg-196-0\"  class=\"panel-grid panel-no-style\" ><div id=\"pgc-196-0-0\"  class=\"panel-grid-cell\" ><div id=\"panel-196-0-0-0\" class=\"so-panel widget widget_sow-image panel-first-child panel-last-child\" data-index=\"0\" ><div\n\t\t\t\n\t\t\tclass=\"so-widget-sow-image so-widget-sow-image-default-dbf295114b96-196\"\n\t\t\t\n\t\t>\n<div class=\"sow-image-container\">\n\t\t<img \n\tsrc=\"https:\/\/getpremier.net\/wp-content\/uploads\/2015\/09\/RFID.jpg\" width=\"640\" height=\"250\" srcset=\"https:\/\/getpremier.net\/wp-content\/uploads\/2015\/09\/RFID.jpg 640w, https:\/\/getpremier.net\/wp-content\/uploads\/2015\/09\/RFID-300x117.jpg 300w\" sizes=\"(max-width: 640px) 100vw, 640px\" alt=\"\" \t\tclass=\"so-widget-image\"\/>\n\t<\/div>\n\n<\/div><\/div><\/div><\/div><div id=\"pg-196-1\"  class=\"panel-grid panel-no-style\" ><div id=\"pgc-196-1-0\"  class=\"panel-grid-cell\" ><div id=\"panel-196-1-0-0\" class=\"so-panel widget widget_black-studio-tinymce widget_black_studio_tinymce panel-first-child panel-last-child\" data-index=\"1\" ><div class=\"panel-widget-style panel-widget-style-for-196-1-0-0\" ><div class=\"textwidget\"><h5 style=\"text-align: justify;\">Lorsqu'une agence d'identification nationale a eu besoin d'un moyen de suivre le mouvement des mat\u00e9riaux tout au long de son cycle de fabrication, elle a fait appel \u00e0 Premier pour concevoir un syst\u00e8me de suivi.<\/h5>\n<p style=\"text-align: justify;\">Les actifs \u00e9tant \u00e0 la fois mobiles et regroup\u00e9s dans diff\u00e9rentes parties du pays, le d\u00e9fi consistait \u00e0 concevoir un syst\u00e8me pouvant \u00eatre g\u00e9r\u00e9 \u00e0 distance \u00e0 partir d'un bureau central et ne d\u00e9pendant pas des r\u00e9seaux locaux pour la connectivit\u00e9 des donn\u00e9es. <strong>La solution a consist\u00e9 \u00e0 mettre en place un r\u00e9seau \u00e9tendu (WAN) sans fil sur un r\u00e9seau cellulaire 4G.<\/strong> Premier a pu concevoir une solution syst\u00e8me permettant aux scanners RFID de se connecter \u00e0 un r\u00e9seau sans fil et de transmettre les informations relatives aux biens \u00e0 un centre de donn\u00e9es. Cela a permis \u00e0 une agence nationale d'identification de localiser et d'identifier des biens mobiles dans une situation en temps r\u00e9el sans d\u00e9pendre des r\u00e9seaux locaux ou des op\u00e9rateurs locaux pour transmettre les donn\u00e9es. Ce syst\u00e8me est maintenant envisag\u00e9e pour un d\u00e9ploiement \u00e0 grande \u00e9chelle de 10 000 n\u0153uds finaux.<\/p>\n<p style=\"text-align: justify;\">Copyright 2014 Premier Wireless Solutions Inc. Tous droits r\u00e9serv\u00e9s. Tous les noms de marque et de produit sont des marques ou des noms commerciaux de leurs d\u00e9tenteurs respectifs.<\/p>\n<p>\u00a0<\/p>\n<\/div><\/div><\/div><\/div><\/div><div id=\"pg-196-2\"  class=\"panel-grid panel-has-style\" ><div style=\"background-color: #b2b2b2; \" class=\"panel-row-style panel-row-style-for-196-2\" ><div id=\"pgc-196-2-0\"  class=\"panel-grid-cell panel-grid-cell-empty\" ><\/div><\/div><\/div><\/div>","protected":false},"excerpt":{"rendered":"<p>When a national identification agency required a way to track the movement of material over its manufacturing cycle it turned to Premier to design a tracking system.Because the assets were both mobile and clustered in different parts of the country, the challenge was to design a system that can be both remotely managed from one [&hellip;]<\/p>\n","protected":false},"author":1,"featured_media":0,"parent":0,"menu_order":0,"comment_status":"closed","ping_status":"closed","template":"","meta":{"footnotes":""},"class_list":["post-196","page","type-page","status-publish","hentry","post"],"_links":{"self":[{"href":"https:\/\/getpremier.net\/fr\/wp-json\/wp\/v2\/pages\/196","targetHints":{"allow":["GET"]}}],"collection":[{"href":"https:\/\/getpremier.net\/fr\/wp-json\/wp\/v2\/pages"}],"about":[{"href":"https:\/\/getpremier.net\/fr\/wp-json\/wp\/v2\/types\/page"}],"author":[{"embeddable":true,"href":"https:\/\/getpremier.net\/fr\/wp-json\/wp\/v2\/users\/1"}],"replies":[{"embeddable":true,"href":"https:\/\/getpremier.net\/fr\/wp-json\/wp\/v2\/comments?post=196"}],"version-history":[{"count":2,"href":"https:\/\/getpremier.net\/fr\/wp-json\/wp\/v2\/pages\/196\/revisions"}],"predecessor-version":[{"id":219,"href":"https:\/\/getpremier.net\/fr\/wp-json\/wp\/v2\/pages\/196\/revisions\/219"}],"wp:attachment":[{"href":"https:\/\/getpremier.net\/fr\/wp-json\/wp\/v2\/media?parent=196"}],"curies":[{"name":"wp","href":"https:\/\/api.w.org\/{rel}","templated":true}]}}