{"id":104,"date":"2015-08-25T00:25:59","date_gmt":"2015-08-25T00:25:59","guid":{"rendered":"http:\/\/getpremier.net\/?page_id=104"},"modified":"2015-08-31T18:01:18","modified_gmt":"2015-08-31T18:01:18","slug":"broadcast-media","status":"publish","type":"page","link":"https:\/\/getpremier.net\/fr\/broadcast-media\/","title":{"rendered":"Diffusion et m\u00e9dias"},"content":{"rendered":"<div id=\"pl-104\"  class=\"panel-layout\" ><div id=\"pg-104-0\"  class=\"panel-grid panel-no-style\" ><div id=\"pgc-104-0-0\"  class=\"panel-grid-cell\" ><div id=\"panel-104-0-0-0\" class=\"so-panel widget widget_sow-image panel-first-child panel-last-child\" data-index=\"0\" ><div\n\t\t\t\n\t\t\tclass=\"so-widget-sow-image so-widget-sow-image-default-dbf295114b96-104\"\n\t\t\t\n\t\t>\n<div class=\"sow-image-container\">\n\t\t<img \n\tsrc=\"https:\/\/getpremier.net\/wp-content\/uploads\/2015\/08\/broadcast_solutions.jpg\" width=\"640\" height=\"250\" srcset=\"https:\/\/getpremier.net\/wp-content\/uploads\/2015\/08\/broadcast_solutions.jpg 640w, https:\/\/getpremier.net\/wp-content\/uploads\/2015\/08\/broadcast_solutions-300x117.jpg 300w\" sizes=\"(max-width: 640px) 100vw, 640px\" alt=\"\" \t\tclass=\"so-widget-image\"\/>\n\t<\/div>\n\n<\/div><\/div><\/div><\/div><div id=\"pg-104-1\"  class=\"panel-grid panel-no-style\" ><div id=\"pgc-104-1-0\"  class=\"panel-grid-cell\" ><div id=\"panel-104-1-0-0\" class=\"so-panel widget widget_text panel-first-child panel-last-child\" data-index=\"1\" >\t\t\t<div class=\"textwidget\">Qu'il s'agisse de salles de contr\u00f4le de s\u00e9curit\u00e9 ou de salles de diffusion, Premier aide ses clients dans le secteur de la surveillance et des m\u00e9dias \u00e0 fournir, d\u00e9ployer et g\u00e9rer des syst\u00e8mes de surveillance, de salles de contr\u00f4le et de r\u00e9seaux de haute performance.  <\/div>\n\t\t<\/div><\/div><\/div><div id=\"pg-104-2\"  class=\"panel-grid panel-no-style\" ><div id=\"pgc-104-2-0\"  class=\"panel-grid-cell\" ><div id=\"panel-104-2-0-0\" class=\"so-panel widget widget_text panel-first-child panel-last-child\" data-index=\"2\" ><h3 class=\"widget-title\">Visualisation de moniteurs multiples, DVI, SDI, conversion et extensions vid\u00e9o HD<\/h3>\t\t\t<div class=\"textwidget\">Que ce soit la construction et la mise \u00e0 jour de syst\u00e8mes de visualisation \u00e0 moniteurs multiples ou de syst\u00e8mes de r\u00e9seaux vid\u00e9o \u00e0 c\u00e2blage structur\u00e9, vous pouvez compter sur Premier pour le d\u00e9ploiement, la livraison et la gestion.<\/div>\n\t\t<\/div><\/div><div id=\"pgc-104-2-1\"  class=\"panel-grid-cell\" ><div id=\"panel-104-2-1-0\" class=\"so-panel widget widget_circleicon-widget panel-first-child panel-last-child\" data-index=\"3\" >\t\t<div class=\"circle-icon-box circle-icon-position-top circle-icon-hide-box circle-icon-size-small\">\n\t\t\t<div class=\"circle-icon-wrapper\">\n\t\t\t\t\t\t\t\t<div class=\"circle-icon\" >\n\t\t\t\t\t<div class=\"fa fa-video-camera\" ><\/div>\t\t\t\t<\/div>\n\t\t\t\t\t\t\t<\/div>\n\n\t\t\t\t\t\t\t\t\t\n\t\t\t\t\t\t\t\t<\/div>\n\t\t<\/div><\/div><\/div><\/div>","protected":false},"excerpt":{"rendered":"<p>Whether it&#8217;s security control rooms or broadcasting rooms Premier helps clients in the surveillance and media industry deliver, deploy and manage mission critical monitoring, control rooms and high performance networking systems.<\/p>","protected":false},"author":1,"featured_media":0,"parent":0,"menu_order":0,"comment_status":"closed","ping_status":"closed","template":"","meta":{"footnotes":""},"class_list":["post-104","page","type-page","status-publish","hentry","post"],"_links":{"self":[{"href":"https:\/\/getpremier.net\/fr\/wp-json\/wp\/v2\/pages\/104","targetHints":{"allow":["GET"]}}],"collection":[{"href":"https:\/\/getpremier.net\/fr\/wp-json\/wp\/v2\/pages"}],"about":[{"href":"https:\/\/getpremier.net\/fr\/wp-json\/wp\/v2\/types\/page"}],"author":[{"embeddable":true,"href":"https:\/\/getpremier.net\/fr\/wp-json\/wp\/v2\/users\/1"}],"replies":[{"embeddable":true,"href":"https:\/\/getpremier.net\/fr\/wp-json\/wp\/v2\/comments?post=104"}],"version-history":[{"count":2,"href":"https:\/\/getpremier.net\/fr\/wp-json\/wp\/v2\/pages\/104\/revisions"}],"predecessor-version":[{"id":167,"href":"https:\/\/getpremier.net\/fr\/wp-json\/wp\/v2\/pages\/104\/revisions\/167"}],"wp:attachment":[{"href":"https:\/\/getpremier.net\/fr\/wp-json\/wp\/v2\/media?parent=104"}],"curies":[{"name":"wp","href":"https:\/\/api.w.org\/{rel}","templated":true}]}}